{"id":4238,"date":"2020-03-19T07:14:16","date_gmt":"2020-03-19T07:14:16","guid":{"rendered":"https:\/\/fietsenverhuurschiermonnikoog.com\/home-5\/"},"modified":"2023-10-04T13:36:18","modified_gmt":"2023-10-04T13:36:18","slug":"home-5","status":"publish","type":"page","link":"https:\/\/fietsenverhuurschiermonnikoog.com\/de\/","title":{"rendered":"Home"},"content":{"rendered":"<p>[vc_row tm_textcolor=&#8220;skincolor&#8220; tm_bgcolor=&#8220;skincolor&#8220; tm_bgimagefixed=&#8220;&#8220; full_width=&#8220;stretch_row&#8220; equal_height=&#8220;yes&#8220; css=&#8220;.vc_custom_1664539184635{padding-top: 0px !important;background-position: center !important;background-repeat: no-repeat !important;background-size: cover !important;}&#8220; tm_responsive_css=&#8220;26354608|colbreak_no|||||||||colbreak_no|||||||40px||colbreak_no||||||||||colbreak_no|||||||||&#8220;][vc_column tm_textcolor=&#8220;dark&#8220; tm_bgcolor=&#8220;skincolor&#8220;][vc_row_inner equal_height=&#8220;yes&#8220; gap=&#8220;30&#8243; css=&#8220;.vc_custom_1664539451033{margin-top: -73px !important;}&#8220; tm_responsive_css=&#8220;34278372|colbreak_no|||||||||colbreak_no|||||||||colbreak_no|15px|||||||||colbreak_no|||||||||&#8220;][vc_column_inner tm_shadow=&#8220;yes&#8220; width=&#8220;1\/3&#8243;]<div class=\"tm-sbox tm-sbox-iconalign-without-icon none tm-sbox-bgcolor-white tm-bgcolor-white tm-sbox-textcolor-skincolor tm-textcolor-skincolor tm-sbox-isize-md tm-sbox-isize-md tm-sbox-istyle-none  tm-bgcolor-yes tm-sbox-heading-only\"><section class=\"tm-vc_cta3-container\"><div class=\"tm-vc_general tm-vc_cta3 tm-vc_cta3-align-left tm-vc_cta3-icon-size-md tm-vc_cta3-icons-withouticon tm-vc_cta3-actions-no\"><div class=\"tm-vc_cta3_content-container\"><div class=\"tm-vc_cta3-content\"><div class=\"tm-vc_cta3-content-header tm-wrap\"><div class=\"tm-vc_cta3-headers tm-wrap-cell\"><h2 class=\"tm-custom-heading \" >Am Veerdam<\/h2>\n<\/div><\/div><\/div><div class=\"tm-cta3-desc-btn-wrapper\"><div class=\"tm-cta3-description\"><div class=\"tm-cta3-content-wrapper\"><p><img loading=\"lazy\" decoding=\"async\" class=\"aligncenter wp-image-3248 size-full\" src=\"https:\/\/fietsenverhuurschiermonnikoog.com\/wp-content\/uploads\/2022\/07\/veerdam.png\" alt=\"\" width=\"242\" height=\"300\" \/><\/p>\n<p>Reservieren Sie Ihr Fahrrad sofort nach der Ankunft des Bootes, wenn Sie die Reservierung vornehmen, stellen wir sicher, dass die Fahrr\u00e4der bei der Ankunft f\u00fcr Sie bereit sind.<\/p><\/div><\/div><\/div><\/div><\/div><\/section><\/div>[\/vc_column_inner][vc_column_inner width=&#8220;1\/3&#8243; tm_responsive_css=&#8220;34193485|colbreak_no|||||||||colbreak_no|||||||||colbreak_no|15px||15px|||||||colbreak_no|||||||||&#8220;]<div class=\"tm-sbox tm-sbox-iconalign-without-icon none tm-sbox-bgcolor-white tm-bgcolor-white tm-sbox-textcolor-skincolor tm-textcolor-skincolor tm-sbox-isize-md tm-sbox-isize-md tm-sbox-istyle-none  tm-bgcolor-yes tm-sbox-heading-only\"><section class=\"tm-vc_cta3-container\"><div class=\"tm-vc_general tm-vc_cta3 tm-vc_cta3-align-left tm-vc_cta3-icon-size-md tm-vc_cta3-icons-withouticon tm-vc_cta3-actions-no\"><div class=\"tm-vc_cta3_content-container\"><div class=\"tm-vc_cta3-content\"><div class=\"tm-vc_cta3-content-header tm-wrap\"><div class=\"tm-vc_cta3-headers tm-wrap-cell\"><h2 class=\"tm-custom-heading \" >Im Dorf<\/h2>\n<\/div><\/div><\/div><div class=\"tm-cta3-desc-btn-wrapper\"><div class=\"tm-cta3-description\"><div class=\"tm-cta3-content-wrapper\"><p><img loading=\"lazy\" decoding=\"async\" class=\"aligncenter wp-image-3254 size-full\" src=\"https:\/\/fietsenverhuurschiermonnikoog.com\/wp-content\/uploads\/2022\/07\/soepboer.png\" alt=\"\" width=\"242\" height=\"300\" \/>Der Standort Soepboer befindet sich im Zentrum des Dorfes am Paaslandweg 1 und ist vom Boot aus leicht mit dem Bus zu erreichen.<i class=\"\"><\/i><\/p><\/div><\/div><\/div><\/div><\/div><\/section><\/div>[\/vc_column_inner][vc_column_inner width=&#8220;1\/3&#8243;]<div class=\"tm-sbox tm-sbox-iconalign-without-icon none tm-sbox-bgcolor-white tm-bgcolor-white tm-sbox-textcolor-skincolor tm-textcolor-skincolor tm-sbox-isize-md tm-sbox-isize-md tm-sbox-istyle-none  tm-bgcolor-yes tm-sbox-heading-only\"><section class=\"tm-vc_cta3-container\"><div class=\"tm-vc_general tm-vc_cta3 tm-vc_cta3-align-left tm-vc_cta3-icon-size-md tm-vc_cta3-icons-withouticon tm-vc_cta3-actions-no\"><div class=\"tm-vc_cta3_content-container\"><div class=\"tm-vc_cta3-content\"><div class=\"tm-vc_cta3-content-header tm-wrap\"><div class=\"tm-vc_cta3-headers tm-wrap-cell\"><h2 class=\"tm-custom-heading \" >Im Dorf<\/h2>\n<\/div><\/div><\/div><div class=\"tm-cta3-desc-btn-wrapper\"><div class=\"tm-cta3-description\"><div class=\"tm-cta3-content-wrapper\"><p><img loading=\"lazy\" decoding=\"async\" class=\"aligncenter size-full wp-image-3850\" src=\"https:\/\/fietsenverhuurschiermonnikoog.com\/wp-content\/uploads\/2022\/09\/schierfietslogo.png\" alt=\"\" width=\"242\" height=\"300\" \/>Schierfiets befindet sich in Noorderstreek 32, hier k\u00f6nnen Sie Ihr(e) Fahrrad(e) reservieren. Wir werden dann sicherstellen, dass die Fahrr\u00e4der f\u00fcr Sie bereit sind.<\/p><\/div><\/div><\/div><\/div><\/div><\/section><\/div>[\/vc_column_inner][\/vc_row_inner][vc_row_inner equal_height=&#8220;yes&#8220; tm_responsive_css=&#8220;34278372|colbreak_no|||||||||colbreak_no|||||||||colbreak_no|15px|||||||||colbreak_no|||||||||&#8220;][vc_column_inner width=&#8220;1\/3&#8243;][vc_btn title=&#8220;Reservieren Sie im Veerdam&#8220; style=&#8220;classic&#8220; shape=&#8220;square&#8220; color=&#8220;danger&#8220; align=&#8220;center&#8220; i_icon_fontawesome=&#8220;fas fa-bicycle&#8220; add_icon=&#8220;true&#8220; link=&#8220;url:https%3A%2F%2Fsoepboer.fietsreserveren.nl%2F%3Flocation%3DVeerdam%2520%28bij%2520de%2520boot%29%20_blank|target:_blank|&#8220;][\/vc_column_inner][vc_column_inner width=&#8220;1\/3&#8243; tm_responsive_css=&#8220;34193485|colbreak_no|||||||||colbreak_no|||||||||colbreak_no|15px||15px|||||||colbreak_no|||||||||&#8220;][vc_btn title=&#8220;Reservieren Sie bei Soepboer&#8220; style=&#8220;classic&#8220; shape=&#8220;square&#8220; color=&#8220;danger&#8220; align=&#8220;center&#8220; i_icon_fontawesome=&#8220;fas fa-bicycle&#8220; add_icon=&#8220;true&#8220; link=&#8220;url:https%3A%2F%2Fsoepboer.fietsreserveren.nl%2F%3Flocation%3DSoepboer%2520%28in%2520het%2520dorp%29|target:_blank|&#8220;][\/vc_column_inner][vc_column_inner width=&#8220;1\/3&#8243;][vc_btn title=&#8220;Reservieren Sie bei Schierfiets&#8220; style=&#8220;classic&#8220; shape=&#8220;square&#8220; color=&#8220;danger&#8220; align=&#8220;center&#8220; i_icon_fontawesome=&#8220;fas fa-bicycle&#8220; add_icon=&#8220;true&#8220; link=&#8220;url:https%3A%2F%2Fsoepboer.fietsreserveren.nl%2F%3Flocation%3DSchierfiets%2520%28in%2520het%2520dorp%29|target:_blank|&#8220;][\/vc_column_inner][\/vc_row_inner][\/vc_column][\/vc_row][vc_row tm_bgimagefixed=&#8220;&#8220; full_width=&#8220;stretch_row&#8220; css=&#8220;.vc_custom_1668698834631{margin-top: 50px !important;margin-bottom: 50px !important;}&#8220;][vc_column][vc_row_inner][vc_column_inner width=&#8220;2\/3&#8243;]<div class=\"tm-element-heading-wrapper tm-heading-inner tm-element-align-left tm-seperator-none tm-heading-style-vertical \"><section class=\"tm-vc_cta3-container\"><div class=\"tm-vc_general tm-vc_cta3 tm-cta3-only tm-vc_cta3-style-classic tm-vc_cta3-shape-rounded tm-vc_cta3-align-left tm-vc_cta3-color-transparent tm-vc_cta3-icon-size-md tm-vc_cta3-actions-no tm-cta3-without-desc\"><div class=\"tm-vc_cta3_content-container\"><div class=\"tm-vc_cta3-content\"><header class=\"tm-vc_cta3-content-header tm-wrap\"><div class=\"tm-vc_cta3-headers tm-wrap-cell\"><h2 class=\"tm-custom-heading \" >Soepboer Fahrradverleih<\/h2>\n<h4 class=\"tm-custom-heading \" >W\u00e4hlen Sie aus 4000 Fahrr\u00e4dern an unseren 3 Standorten auf Schiermonnikoog.<\/h4>\n<\/div><div class=\"heading-seperator\"><span><\/span><\/div><\/header><\/div><\/div><\/div><\/section><\/div> <!-- .tm-element-heading-wrapper container --> [vc_column_text css=&#8220;.vc_custom_1668698922435{margin-right: 0px !important;margin-left: 0px !important;}&#8220;]Soepboer hat 3 Mietstationen auf Schiermonnikoog.<br \/>\nUnmittelbar nach der Ankunft des Bootes finden Sie unseren Standort in <a href=\"https:\/\/www.fietsenverhuurschiermonnikoog.com\/locatieveerdam.html\">Veerdam<\/a>, im Dorf helfen wir Ihnen gerne in einer unserer Filialen von <a href=\"https:\/\/www.fietsenverhuurschiermonnikoog.com\/locatiesoepboer.html\">Soepboer<\/a> oder <a href=\"https:\/\/www.fietsenverhuurschiermonnikoog.com\/locatieschierfiets.html\">Schierfiets<\/a>. Sie k\u00f6nnen die Fahrr\u00e4der bei uns auf der Website reservieren.<\/p>\n<ul>\n<li><i class=\"ri-check-double-line\"><\/i>Buchen Sie Fahrr\u00e4der ganz einfach selbst.<\/li>\n<li><i class=\"ri-check-double-line\"><\/i>Wir haben 365 Tage im Jahr ge\u00f6ffnet.<\/li>\n<li><i class=\"ri-check-double-line\"><\/i>Eine vertrauensw\u00fcrdige Adresse seit \u00fcber 50 Jahren.<\/li>\n<li><i class=\"ri-check-double-line\"><\/i>Auswahl an \u00fcber 4000 Fahrr\u00e4dern.<\/li>\n<\/ul>\n<p class=\"fst-italic\">Bei Fragen sind wir zwischen 08:00 und 18:00 Uhr erreichbar.<\/p>\n<p><i class=\"bi bi-telephone\"><\/i>0519-531636<br \/>\n<i class=\"bi bi-envelope\"><\/i><a>E-Mail<\/a>[\/vc_column_text][\/vc_column_inner][vc_column_inner width=&#8220;1\/3&#8243;][vc_single_image image=&#8220;4122&#8243; img_size=&#8220;full&#8220; alignment=&#8220;right&#8220;][vc_single_image image=&#8220;4208&#8243; img_size=&#8220;full&#8220; alignment=&#8220;right&#8220;][\/vc_column_inner][\/vc_row_inner][\/vc_column][\/vc_row][vc_row tm_textcolor=&#8220;white&#8220; tm_bgcolor=&#8220;skincolor&#8220; tm_bgimagefixed=&#8220;&#8220; full_width=&#8220;stretch_row&#8220;][vc_column tm_bgcolor=&#8220;skincolor&#8220;]<section class=\"tm-vc_cta3-container\"><div class=\"tm-vc_general tm-vc_cta3 tm-cta3-only tm-vc_cta3-style-classic tm-vc_cta3-shape-rounded tm-vc_cta3-align-left tm-vc_cta3-color-transparent tm-vc_cta3-icon-size-md tm-vc_cta3-actions-right vc_custom_1683041250595 tm-cta3-with-desc\"><div class=\"tm-vc_cta3_content-container\"><div class=\"tm-vc_cta3-content\"><header class=\"tm-vc_cta3-content-header tm-wrap\"><div class=\"tm-vc_cta3-headers tm-wrap-cell\"><h2 class=\"tm-custom-heading \" >Lieferung &amp; Abholung<\/h2>\n<h4 class=\"tm-custom-heading \" >Wir k\u00f6nnen die Fahrr\u00e4der in Ihrer Ferienunterkunft liefern und abholen.<\/h4>\n<\/div><div class=\"heading-seperator\"><span><\/span><\/div><\/header><div class=\"tm-cta3-content-wrapper\"><p>Wir liefern nur an eine Ferienunterkunft au\u00dferhalb des Dorfes, mit Ausnahme von behindertengerechten Gegenst\u00e4nden. Bei Fragen senden Sie uns bitte eine <a>E-Mail<\/a> oder rufen Sie uns an.<\/p><\/div><\/div><div class=\"tm-vc_cta3-actions\">\n\t\t<div class=\"tm-vc_btn3-container tm-vc_btn3-inline\"><a class=\"tm-vc_general tm-vc_btn3 tm-vc_btn3-size-md tm-vc_btn3-shape-round tm-vc_btn3-style-flat tm-vc_btn3-weight-no tm-vc_btn3-color-white\" href=\"https:\/\/soepboer.fietsreserveren.nl\" title=\"\" target=\"_blank\">Reservieren Sie Ihre Fahrr\u00e4der<\/a><\/div><\/div><\/div><\/div><\/section>[\/vc_column][\/vc_row][vc_row tm_bgimagefixed=&#8220;&#8220; css=&#8220;.vc_custom_1668521977832{margin-top: 50px !important;margin-bottom: 50px !important;}&#8220;][vc_column width=&#8220;1\/2&#8243;]<div class=\"tm-sbox tm-sbox-iconalign-left-spacing none tm-sbox-bgcolor-transparent tm-bgcolor-transparent tm-sbox-textcolor- tm-textcolor- tm-sbox-isize-md tm-sbox-isize-md tm-sbox-istyle-none  tm-sbox-heading-only\"><section class=\"tm-vc_cta3-container\"><div class=\"tm-vc_general tm-vc_cta3 tm-vc_cta3-align-left tm-vc_cta3-icon-size-md tm-vc_cta3-icons-left tm-vc_cta3-actions-no\"><div class=\"tm-vc_cta3-icons tm-wrap-cell\"><div class=\"tm-vc_icon_element tm-vc_icon_element-outer tm-vc_icon_element-align-left \"><div class=\"tm-vc_icon_element-inner  tm-vc_icon_element-color-skincolor tm-vc_icon_element-size-md tm-vc_icon_element-style-none tm-vc_icon_element-background-color-grey\" ><span class=\"tm-vc_icon_element-icon fa fa-truck\" ><\/span><\/div><\/div><\/div><div class=\"tm-vc_cta3_content-container\"><div class=\"tm-vc_cta3-content\"><div class=\"tm-vc_cta3-content-header tm-wrap\"><div class=\"tm-vc_cta3-headers tm-wrap-cell\"><h2 class=\"tm-custom-heading \" >Lieferungen<\/h2>\n<\/div><\/div><\/div><div class=\"tm-cta3-desc-btn-wrapper\"><div class=\"tm-cta3-description\"><div class=\"tm-cta3-content-wrapper\"><p>Wir k\u00f6nnen die Fahrr\u00e4der in Ihrer Ferienunterkunft liefern und abholen. Wir tun dies nur au\u00dferhalb des Dorfes, Ausnahmen sind die behinderten Fahrr\u00e4der. Bei der Buchung von Fahrr\u00e4dern steht die Option der Lieferung und Abholung nach dem Ausf\u00fcllen Ihrer G\u00e4steadresse zur Verf\u00fcgung, wenn sie sich au\u00dferhalb des Dorfes befindet, kann sie \u00fcberpr\u00fcft werden.<\/p><\/div><\/div><\/div><\/div><\/div><\/section><\/div><div class=\"tm-sbox tm-sbox-iconalign-left-spacing none tm-sbox-bgcolor-transparent tm-bgcolor-transparent tm-sbox-textcolor- tm-textcolor- tm-sbox-isize-md tm-sbox-isize-md tm-sbox-istyle-none  tm-sbox-heading-only\"><section class=\"tm-vc_cta3-container\"><div class=\"tm-vc_general tm-vc_cta3 tm-vc_cta3-align-left tm-vc_cta3-icon-size-md tm-vc_cta3-icons-left tm-vc_cta3-actions-no\"><div class=\"tm-vc_cta3-icons tm-wrap-cell\"><div class=\"tm-vc_icon_element tm-vc_icon_element-outer tm-vc_icon_element-align-left \"><div class=\"tm-vc_icon_element-inner  tm-vc_icon_element-color-skincolor tm-vc_icon_element-size-md tm-vc_icon_element-style-none tm-vc_icon_element-background-color-grey\" ><span class=\"tm-vc_icon_element-icon fa fa-cart-arrow-down\" ><\/span><\/div><\/div><\/div><div class=\"tm-vc_cta3_content-container\"><div class=\"tm-vc_cta3-content\"><div class=\"tm-vc_cta3-content-header tm-wrap\"><div class=\"tm-vc_cta3-headers tm-wrap-cell\"><h2 class=\"tm-custom-heading \" >Verkauf von Leihfahrr\u00e4dern<\/h2>\n<\/div><\/div><\/div><div class=\"tm-cta3-desc-btn-wrapper\"><div class=\"tm-cta3-description\"><div class=\"tm-cta3-content-wrapper\"><p>Planen Sie, bald nach Schiermonnikoog Island zu kommen, und denken Sie dar\u00fcber nach, ein neues oder gutes gebrauchtes Fahrrad zu kaufen? Fragen Sie unverbindlich nach den M\u00f6glichkeiten oder besuchen Sie unsere <a href=\"https:\/\/www.verkoophuurfiets.nl\/\" target=\"_blank\" rel=\"noopener\">Verkaufsseite<\/a>. Sie k\u00f6nnen optional eine Probefahrt machen.<\/p><\/div><\/div><\/div><\/div><\/div><\/section><\/div><div class=\"tm-sbox tm-sbox-iconalign-left-spacing none tm-sbox-bgcolor-transparent tm-bgcolor-transparent tm-sbox-textcolor- tm-textcolor- tm-sbox-isize-md tm-sbox-isize-md tm-sbox-istyle-none  tm-sbox-heading-only\"><section class=\"tm-vc_cta3-container\"><div class=\"tm-vc_general tm-vc_cta3 tm-vc_cta3-align-left tm-vc_cta3-icon-size-md tm-vc_cta3-icons-left tm-vc_cta3-actions-no\"><div class=\"tm-vc_cta3-icons tm-wrap-cell\"><div class=\"tm-vc_icon_element tm-vc_icon_element-outer tm-vc_icon_element-align-left \"><div class=\"tm-vc_icon_element-inner  tm-vc_icon_element-color-skincolor tm-vc_icon_element-size-md tm-vc_icon_element-style-none tm-vc_icon_element-background-color-grey\" ><span class=\"tm-vc_icon_element-icon fa fa-users\" ><\/span><\/div><\/div><\/div><div class=\"tm-vc_cta3_content-container\"><div class=\"tm-vc_cta3-content\"><div class=\"tm-vc_cta3-content-header tm-wrap\"><div class=\"tm-vc_cta3-headers tm-wrap-cell\"><h2 class=\"tm-custom-heading \" >Gruppen Reservierung<\/h2>\n<\/div><\/div><\/div><div class=\"tm-cta3-desc-btn-wrapper\"><div class=\"tm-cta3-description\"><div class=\"tm-cta3-content-wrapper\"><p>Kommen Sie mit einer Gruppe nach Schiermonnikoog und m\u00f6chten Fahrr\u00e4der buchen? Auf der Website haben wir ein <a href=\"https:\/\/www.fietsenverhuurschiermonnikoog.com\/groepsaanvraag.html\">Formular<\/a> f\u00fcr Gruppenanfragen. F\u00fcr Gruppen von 20 Personen oder mehr.<\/p><\/div><\/div><\/div><\/div><\/div><\/section><\/div>[\/vc_column][vc_column width=&#8220;1\/2&#8243;]<div class=\"tm-sbox tm-sbox-iconalign-left-spacing none tm-sbox-bgcolor-transparent tm-bgcolor-transparent tm-sbox-textcolor- tm-textcolor- tm-sbox-isize-md tm-sbox-isize-md tm-sbox-istyle-none  tm-sbox-heading-only\"><section class=\"tm-vc_cta3-container\"><div class=\"tm-vc_general tm-vc_cta3 tm-vc_cta3-align-left tm-vc_cta3-icon-size-md tm-vc_cta3-icons-left tm-vc_cta3-actions-no\"><div class=\"tm-vc_cta3-icons tm-wrap-cell\"><div class=\"tm-vc_icon_element tm-vc_icon_element-outer tm-vc_icon_element-align-left \"><div class=\"tm-vc_icon_element-inner  tm-vc_icon_element-color-skincolor tm-vc_icon_element-size-md tm-vc_icon_element-style-none tm-vc_icon_element-background-color-grey\" ><span class=\"tm-vc_icon_element-icon fa fa-eur\" ><\/span><\/div><\/div><\/div><div class=\"tm-vc_cta3_content-container\"><div class=\"tm-vc_cta3-content\"><div class=\"tm-vc_cta3-content-header tm-wrap\"><div class=\"tm-vc_cta3-headers tm-wrap-cell\"><h2 class=\"tm-custom-heading \" >Kostenlose Lieferung\/Abholung<\/h2>\n<\/div><\/div><\/div><div class=\"tm-cta3-desc-btn-wrapper\"><div class=\"tm-cta3-description\"><div class=\"tm-cta3-content-wrapper\"><p>Wir berechnen keine Kosten f\u00fcr die Lieferung und Abholung der Fahrr\u00e4der zu Ihrer Ferienunterkunft, dies ist <b>KOSTENLOS<\/b> (bis zu maximal 10 Fahrr\u00e4der). Dies wird nur au\u00dferhalb des Dorfes geliefert. Der wagenfreie Charakter von Schiermonnikoog. Die Ausnahmen sind die deaktivierten Elemente.<\/p><\/div><\/div><\/div><\/div><\/div><\/section><\/div><div class=\"tm-sbox tm-sbox-iconalign-left-spacing none tm-sbox-bgcolor-transparent tm-bgcolor-transparent tm-sbox-textcolor- tm-textcolor- tm-sbox-isize-md tm-sbox-isize-md tm-sbox-istyle-none  tm-sbox-heading-only\"><section class=\"tm-vc_cta3-container\"><div class=\"tm-vc_general tm-vc_cta3 tm-vc_cta3-align-left tm-vc_cta3-icon-size-md tm-vc_cta3-icons-left tm-vc_cta3-actions-no\"><div class=\"tm-vc_cta3-icons tm-wrap-cell\"><div class=\"tm-vc_icon_element tm-vc_icon_element-outer tm-vc_icon_element-align-left \"><div class=\"tm-vc_icon_element-inner  tm-vc_icon_element-color-skincolor tm-vc_icon_element-size-md tm-vc_icon_element-style-none tm-vc_icon_element-background-color-grey\" ><span class=\"tm-vc_icon_element-icon fa fa-bicycle\" ><\/span><\/div><\/div><\/div><div class=\"tm-vc_cta3_content-container\"><div class=\"tm-vc_cta3-content\"><div class=\"tm-vc_cta3-content-header tm-wrap\"><div class=\"tm-vc_cta3-headers tm-wrap-cell\"><h2 class=\"tm-custom-heading \" >Radfahren am Strand?<\/h2>\n<\/div><\/div><\/div><div class=\"tm-cta3-desc-btn-wrapper\"><div class=\"tm-cta3-description\"><div class=\"tm-cta3-content-wrapper\"><p>Unsere Fahrr\u00e4der sollten <b>NICHT<\/b> am Strand verwendet werden, au\u00dfer f\u00fcr 1 Typ, das <b>Fatbike<\/b> ist das einzige, das am Strand sein darf. Das Fatbike ist mit extra breiten Reifen ausgestattet, die das Radfahren am Strand erleichtern. Das Fatbike kann zwischen dem 1. Mai und dem 31. September f\u00fcr bis zu 1 Tag gemietet werden.<\/p><\/div><\/div><\/div><\/div><\/div><\/section><\/div><div class=\"tm-sbox tm-sbox-iconalign-left-spacing none tm-sbox-bgcolor-transparent tm-bgcolor-transparent tm-sbox-textcolor- tm-textcolor- tm-sbox-isize-md tm-sbox-isize-md tm-sbox-istyle-none  tm-sbox-heading-only\"><section class=\"tm-vc_cta3-container\"><div class=\"tm-vc_general tm-vc_cta3 tm-vc_cta3-align-left tm-vc_cta3-icon-size-md tm-vc_cta3-icons-left tm-vc_cta3-actions-no\"><div class=\"tm-vc_cta3-icons tm-wrap-cell\"><div class=\"tm-vc_icon_element tm-vc_icon_element-outer tm-vc_icon_element-align-left \"><div class=\"tm-vc_icon_element-inner  tm-vc_icon_element-color-skincolor tm-vc_icon_element-size-md tm-vc_icon_element-style-none tm-vc_icon_element-background-color-grey\" ><span class=\"tm-vc_icon_element-icon fa fa-question\" ><\/span><\/div><\/div><\/div><div class=\"tm-vc_cta3_content-container\"><div class=\"tm-vc_cta3-content\"><div class=\"tm-vc_cta3-content-header tm-wrap\"><div class=\"tm-vc_cta3-headers tm-wrap-cell\"><h2 class=\"tm-custom-heading \" >Fragen<\/h2>\n<\/div><\/div><\/div><div class=\"tm-cta3-desc-btn-wrapper\"><div class=\"tm-cta3-description\"><div class=\"tm-cta3-content-wrapper\"><p>H\u00e4ufig gestellte Fragen k\u00f6nnen auch auf der Website auf dieser Seite eingesehen werden. Wenn Sie Fragen haben, k\u00f6nnen Sie uns jeden Tag zwischen 08:00 und 18:00 Uhr anrufen, Sie k\u00f6nnen uns auch eine E-Mail senden.<\/p><\/div><\/div><\/div><\/div><\/div><\/section><\/div>[\/vc_column][\/vc_row][vc_row][vc_column]<div class=\"themetechmount-boxes themetechmount-boxes-client themetechmount-boxes-view-default themetechmount-boxes-col-six themetechmount-boxes-sortable- themetechmount-boxes-textalign-center themetechmount-boxes-sortablebutton-\">\r\n\t\t<div class=\"themetechmount-boxes-inner themetechmount-boxes-client-inner \"><\/div><!-- .themetechmount-boxes-inner -->   <\/div><!-- .themetechmount-boxes -->  [\/vc_column][\/vc_row]<\/p>\n","protected":false},"excerpt":{"rendered":"<p>[vc_row tm_textcolor=&#8220;skincolor&#8220; tm_bgcolor=&#8220;skincolor&#8220; tm_bgimagefixed=&#8220;&#8220; full_width=&#8220;stretch_row&#8220; equal_height=&#8220;yes&#8220; css=&#8220;.vc_custom_1664539184635{padding-top: 0px !important;background-position: center !important;background-repeat: no-repeat !important;background-size: cover !important;}&#8220; tm_responsive_css=&#8220;26354608|colbreak_no|||||||||colbreak_no|||||||40px||colbreak_no||||||||||colbreak_no|||||||||&#8220;][vc_column tm_textcolor=&#8220;dark&#8220; tm_bgcolor=&#8220;skincolor&#8220;][vc_row_inner equal_height=&#8220;yes&#8220; gap=&#8220;30&#8243; css=&#8220;.vc_custom_1664539451033{margin-top: -73px !important;}&#8220; tm_responsive_css=&#8220;34278372|colbreak_no|||||||||colbreak_no|||||||||colbreak_no|15px|||||||||colbreak_no|||||||||&#8220;][vc_column_inner tm_shadow=&#8220;yes&#8220; width=&#8220;1\/3&#8243;][\/vc_column_inner][vc_column_inner width=&#8220;1\/3&#8243; tm_responsive_css=&#8220;34193485|colbreak_no|||||||||colbreak_no|||||||||colbreak_no|15px||15px|||||||colbreak_no|||||||||&#8220;][\/vc_column_inner][vc_column_inner width=&#8220;1\/3&#8243;][\/vc_column_inner][\/vc_row_inner][vc_row_inner equal_height=&#8220;yes&#8220; tm_responsive_css=&#8220;34278372|colbreak_no|||||||||colbreak_no|||||||||colbreak_no|15px|||||||||colbreak_no|||||||||&#8220;][vc_column_inner width=&#8220;1\/3&#8243;][vc_btn title=&#8220;Reservieren Sie im Veerdam&#8220; style=&#8220;classic&#8220; shape=&#8220;square&#8220; color=&#8220;danger&#8220; align=&#8220;center&#8220; i_icon_fontawesome=&#8220;fas fa-bicycle&#8220; add_icon=&#8220;true&#8220; link=&#8220;url:https%3A%2F%2Fsoepboer.fietsreserveren.nl%2F%3Flocation%3DVeerdam%2520%28bij%2520de%2520boot%29%20_blank|target:_blank|&#8220;][\/vc_column_inner][vc_column_inner width=&#8220;1\/3&#8243; tm_responsive_css=&#8220;34193485|colbreak_no|||||||||colbreak_no|||||||||colbreak_no|15px||15px|||||||colbreak_no|||||||||&#8220;][vc_btn title=&#8220;Reservieren Sie bei Soepboer&#8220; style=&#8220;classic&#8220; shape=&#8220;square&#8220; color=&#8220;danger&#8220; align=&#8220;center&#8220; i_icon_fontawesome=&#8220;fas &hellip; <a href=\"https:\/\/fietsenverhuurschiermonnikoog.com\/de\/\" class=\"more-link\">Continue reading <span class=\"screen-reader-text\">Home<\/span><\/a><\/p>\n","protected":false},"author":1,"featured_media":0,"parent":0,"menu_order":5,"comment_status":"closed","ping_status":"closed","template":"","meta":{"footnotes":""},"class_list":["post-4238","page","type-page","status-publish","hentry"],"_links":{"self":[{"href":"https:\/\/fietsenverhuurschiermonnikoog.com\/de\/wp-json\/wp\/v2\/pages\/4238","targetHints":{"allow":["GET"]}}],"collection":[{"href":"https:\/\/fietsenverhuurschiermonnikoog.com\/de\/wp-json\/wp\/v2\/pages"}],"about":[{"href":"https:\/\/fietsenverhuurschiermonnikoog.com\/de\/wp-json\/wp\/v2\/types\/page"}],"author":[{"embeddable":true,"href":"https:\/\/fietsenverhuurschiermonnikoog.com\/de\/wp-json\/wp\/v2\/users\/1"}],"replies":[{"embeddable":true,"href":"https:\/\/fietsenverhuurschiermonnikoog.com\/de\/wp-json\/wp\/v2\/comments?post=4238"}],"version-history":[{"count":0,"href":"https:\/\/fietsenverhuurschiermonnikoog.com\/de\/wp-json\/wp\/v2\/pages\/4238\/revisions"}],"wp:attachment":[{"href":"https:\/\/fietsenverhuurschiermonnikoog.com\/de\/wp-json\/wp\/v2\/media?parent=4238"}],"curies":[{"name":"wp","href":"https:\/\/api.w.org\/{rel}","templated":true}]}}