{"id":4487,"date":"2022-09-19T13:23:45","date_gmt":"2022-09-19T13:23:45","guid":{"rendered":"https:\/\/fietsenverhuurschiermonnikoog.com\/verleih\/standort-schierfiets\/"},"modified":"2023-03-16T16:17:37","modified_gmt":"2023-03-16T16:17:37","slug":"standort-schierfiets","status":"publish","type":"page","link":"https:\/\/fietsenverhuurschiermonnikoog.com\/de\/verleih\/standort-schierfiets\/","title":{"rendered":"Standort Schierfiets"},"content":{"rendered":"<p>[vc_row][vc_column width=&#8220;2\/3&#8243;][vc_column_text]<\/p>\n<h4>Standort Schierfiets<\/h4>\n<p>Der Standort Schierfiets befindet sich an der Noorderstreek 32, am Rande des Dorfes zwischen dem Visboer und &#8218;De Aude Sch\u00faele&#8216;. Von der Bushaltestelle Zonneweelde\/Hotel de 4 Dames aan de Langestreek gehen Sie zum wei\u00dfen Leuchtturm, biegen am Dorpshuis rechts ab und nach 30 Metern finden Sie dort unseren Standort in Schierfiets.<\/p>\n<h4>\u00d6ffnungszeiten<\/h4>\n<p>Wir sind 365 Tage im Jahr ge\u00f6ffnet. T\u00e4glich von 09:00 bis 18:00 Uhr<\/p>\n<h4>Kontakt<\/h4>\n<p>Sie k\u00f6nnen uns sowohl telefonisch als auch per E-Mail erreichen.<br \/>\nUm uns zu kontaktieren, k\u00f6nnen Sie uns unter 0519-531700 erreichen, oder Sie k\u00f6nnen eine E-Mail \u00fcber das Kontaktformular senden.<\/p>\n<h4>Fahrradtypen<\/h4>\n<p>Gro\u00dfe Auswahl bei Schierfiets erh\u00e4ltlich.<br \/>\nAlle verschiedenen Typen aus dem Sortiment k\u00f6nnen am Standort Schierfiets gemietet und reserviert werden.<br \/>\n\u00dcberpr\u00fcfen Sie die Sortimentsseite f\u00fcr die Art der Fahrr\u00e4der.<\/p>\n<h4>Reservieren<\/h4>\n<p>Sie k\u00f6nnen Ihre Fahrr\u00e4der ganz einfach am Standort Schierfiets \u00fcber unsere Website reservieren.<\/p>\n<p>Wenn Sie auf den untenstehenden Link klicken, werden Sie sofort auf unsere Reservierungsseite weitergeleitet, wo sich der Abholort bereits am Standort Schierfiets befindet und Sie nur noch Ihren Fahrradtyp ausw\u00e4hlen m\u00fcssen.[\/vc_column_text][vc_btn title=&#8220;Reservieren Sie bei Schierfiets&#8220; style=&#8220;custom&#8220; custom_background=&#8220;#d9232d&#8220; custom_text=&#8220;#ffffff&#8220; link=&#8220;url:https%3A%2F%2Fsoepboer.fietsreserveren.nl%2F%3Flocation%3DSchierfiets%2520%28in%2520het%2520dorp%29|target:_blank|&#8220;][\/vc_column][vc_column width=&#8220;1\/3&#8243;][vc_column_text]<img loading=\"lazy\" decoding=\"async\" class=\"alignleft wp-image-3588 size-medium\" src=\"https:\/\/fietsenverhuurschiermonnikoog.com\/wp-content\/uploads\/2022\/09\/schierfietsfront-300x169.jpg\" alt=\"\" width=\"300\" height=\"169\" srcset=\"https:\/\/fietsenverhuurschiermonnikoog.com\/wp-content\/uploads\/2022\/09\/schierfietsfront-300x169.jpg 300w, https:\/\/fietsenverhuurschiermonnikoog.com\/wp-content\/uploads\/2022\/09\/schierfietsfront.jpg 600w\" sizes=\"auto, (max-width: 300px) 100vw, 300px\" \/>[\/vc_column_text][\/vc_column][\/vc_row]<\/p>\n","protected":false},"excerpt":{"rendered":"<p>[vc_row][vc_column width=&#8220;2\/3&#8243;][vc_column_text] Standort Schierfiets Der Standort Schierfiets befindet sich an der Noorderstreek 32, am Rande des Dorfes zwischen dem Visboer und &#8218;De Aude Sch\u00faele&#8216;. Von der Bushaltestelle Zonneweelde\/Hotel de 4 Dames aan de Langestreek gehen Sie zum wei\u00dfen Leuchtturm, biegen am Dorpshuis rechts ab und nach 30 Metern finden Sie dort unseren Standort in Schierfiets. &hellip; <a href=\"https:\/\/fietsenverhuurschiermonnikoog.com\/de\/verleih\/standort-schierfiets\/\" class=\"more-link\">Continue reading <span class=\"screen-reader-text\">Standort Schierfiets<\/span><\/a><\/p>\n","protected":false},"author":1,"featured_media":0,"parent":4486,"menu_order":0,"comment_status":"closed","ping_status":"closed","template":"","meta":{"footnotes":""},"class_list":["post-4487","page","type-page","status-publish","hentry"],"_links":{"self":[{"href":"https:\/\/fietsenverhuurschiermonnikoog.com\/de\/wp-json\/wp\/v2\/pages\/4487","targetHints":{"allow":["GET"]}}],"collection":[{"href":"https:\/\/fietsenverhuurschiermonnikoog.com\/de\/wp-json\/wp\/v2\/pages"}],"about":[{"href":"https:\/\/fietsenverhuurschiermonnikoog.com\/de\/wp-json\/wp\/v2\/types\/page"}],"author":[{"embeddable":true,"href":"https:\/\/fietsenverhuurschiermonnikoog.com\/de\/wp-json\/wp\/v2\/users\/1"}],"replies":[{"embeddable":true,"href":"https:\/\/fietsenverhuurschiermonnikoog.com\/de\/wp-json\/wp\/v2\/comments?post=4487"}],"version-history":[{"count":0,"href":"https:\/\/fietsenverhuurschiermonnikoog.com\/de\/wp-json\/wp\/v2\/pages\/4487\/revisions"}],"up":[{"embeddable":true,"href":"https:\/\/fietsenverhuurschiermonnikoog.com\/de\/wp-json\/wp\/v2\/pages\/4486"}],"wp:attachment":[{"href":"https:\/\/fietsenverhuurschiermonnikoog.com\/de\/wp-json\/wp\/v2\/media?parent=4487"}],"curies":[{"name":"wp","href":"https:\/\/api.w.org\/{rel}","templated":true}]}}