{"id":4552,"date":"2022-09-28T12:36:10","date_gmt":"2022-09-28T12:36:10","guid":{"rendered":"https:\/\/fietsenverhuurschiermonnikoog.com\/verleih\/standort-soepboer\/mietpreise-soepboer\/"},"modified":"2023-03-23T19:16:06","modified_gmt":"2023-03-23T19:16:06","slug":"mietpreise-soepboer","status":"publish","type":"page","link":"https:\/\/fietsenverhuurschiermonnikoog.com\/de\/verleih\/standort-soepboer\/mietpreise-soepboer\/","title":{"rendered":"Mietpreise Soepboer"},"content":{"rendered":"<p>[vc_row tm_bgimagefixed=&#8220;&#8220; equal_height=&#8220;yes&#8220;][vc_column tm_shadow=&#8220;yes&#8220; width=&#8220;1\/4&#8243;]<div class=\"tm-sbox tm-sbox-iconalign-without-icon none tm-sbox-bgcolor-transparent tm-bgcolor-transparent tm-sbox-textcolor- tm-textcolor- tm-sbox-isize-md tm-sbox-isize-md tm-sbox-istyle-none vc_custom_1679598961986 tm-sbox-both-headings jdrx_min_height\"><section class=\"tm-vc_cta3-container\"><div class=\"tm-vc_general tm-vc_cta3 tm-vc_cta3-align-left tm-vc_cta3-icon-size-md tm-vc_cta3-icons-withouticon tm-vc_cta3-actions-no\"><div class=\"tm-vc_cta3_content-container\"><div class=\"tm-vc_cta3-content\"><div class=\"tm-vc_cta3-content-header tm-wrap\"><div class=\"tm-vc_cta3-headers tm-wrap-cell\"><h2 class=\"tm-custom-heading \" >Damen oder Herrenfahrrad<\/h2>\n<h4 style=\"color:#dd3333;\" class=\"tm-custom-heading \" >Ab \u20ac 7,-<\/h4>\n<\/div><\/div><\/div><div class=\"tm-cta3-desc-btn-wrapper\"><div class=\"tm-cta3-description\"><div class=\"tm-cta3-content-wrapper\">\n<figure id=\"attachment_4126\" aria-describedby=\"caption-attachment-4126\" style=\"width: 300px\" class=\"wp-caption aligncenter\"><img loading=\"lazy\" decoding=\"async\" class=\"wp-image-3627 size-medium\" src=\"https:\/\/fietsenverhuurschiermonnikoog.com\/wp-content\/uploads\/2018\/11\/Holidayheren-300x200.jpg\" alt=\"\" width=\"300\" height=\"200\" srcset=\"https:\/\/fietsenverhuurschiermonnikoog.com\/wp-content\/uploads\/2018\/11\/Holidayheren-300x200.jpg 300w, https:\/\/fietsenverhuurschiermonnikoog.com\/wp-content\/uploads\/2018\/11\/Holidayheren-1024x684.jpg 1024w, https:\/\/fietsenverhuurschiermonnikoog.com\/wp-content\/uploads\/2018\/11\/Holidayheren-768x513.jpg 768w, https:\/\/fietsenverhuurschiermonnikoog.com\/wp-content\/uploads\/2018\/11\/Holidayheren-1200x800.jpg 1200w, https:\/\/fietsenverhuurschiermonnikoog.com\/wp-content\/uploads\/2018\/11\/Holidayheren.jpg 1455w\" sizes=\"auto, (max-width: 300px) 100vw, 300px\" \/><figcaption id=\"caption-attachment-4126\" class=\"wp-caption-text\">Fahrrad mit R\u00fccktrittbremse<\/figcaption><\/figure>\n<ul>\n<li>Am Standort in der N\u00e4he des Veerdam<\/li>\n<li>Mehrere Tage werden billiger sein<\/li>\n<\/ul>\n<p><\/div><\/div><\/div><\/div><\/div><\/section><\/div>[\/vc_column][vc_column tm_shadow=&#8220;yes&#8220; width=&#8220;1\/4&#8243;]<div class=\"tm-sbox tm-sbox-iconalign-without-icon none tm-sbox-bgcolor-transparent tm-bgcolor-transparent tm-sbox-textcolor- tm-textcolor- tm-sbox-isize-md tm-sbox-isize-md tm-sbox-istyle-none vc_custom_1679598803686 tm-sbox-both-headings\"><section class=\"tm-vc_cta3-container\"><div class=\"tm-vc_general tm-vc_cta3 tm-vc_cta3-align-left tm-vc_cta3-icon-size-md tm-vc_cta3-icons-withouticon tm-vc_cta3-actions-no\"><div class=\"tm-vc_cta3_content-container\"><div class=\"tm-vc_cta3-content\"><div class=\"tm-vc_cta3-content-header tm-wrap\"><div class=\"tm-vc_cta3-headers tm-wrap-cell\"><h2 class=\"tm-custom-heading \" >Elektrisches Fahrrad<\/h2>\n<h4 style=\"color:#dd3333;\" class=\"tm-custom-heading \" >Ab \u20ac 20,-<\/h4>\n<\/div><\/div><\/div><div class=\"tm-cta3-desc-btn-wrapper\"><div class=\"tm-cta3-description\"><div class=\"tm-cta3-content-wrapper\"><p><img loading=\"lazy\" decoding=\"async\" class=\"aligncenter wp-image-3649 size-medium\" src=\"https:\/\/fietsenverhuurschiermonnikoog.com\/wp-content\/uploads\/2022\/09\/elektrisch-300x194.jpg\" alt=\"\" width=\"300\" height=\"194\" srcset=\"https:\/\/fietsenverhuurschiermonnikoog.com\/wp-content\/uploads\/2022\/09\/elektrisch-300x194.jpg 300w, https:\/\/fietsenverhuurschiermonnikoog.com\/wp-content\/uploads\/2022\/09\/elektrisch-768x495.jpg 768w, https:\/\/fietsenverhuurschiermonnikoog.com\/wp-content\/uploads\/2022\/09\/elektrisch.jpg 800w\" sizes=\"auto, (max-width: 300px) 100vw, 300px\" \/><\/p>\n<ul>\n<li>Mehrere Tage sind billiger<\/li>\n<li>Preis f\u00fcr den ersten Tag<\/li>\n<li>Mehrere Gr\u00f6\u00dfen<\/li>\n<\/ul>\n<p><\/div><\/div><\/div><\/div><\/div><\/section><\/div>[\/vc_column][vc_column tm_shadow=&#8220;yes&#8220; width=&#8220;1\/4&#8243;]<div class=\"tm-sbox tm-sbox-iconalign-without-icon none tm-sbox-bgcolor-transparent tm-bgcolor-transparent tm-sbox-textcolor- tm-textcolor- tm-sbox-isize-md tm-sbox-isize-md tm-sbox-istyle-none vc_custom_1679598810744 tm-sbox-both-headings\"><section class=\"tm-vc_cta3-container\"><div class=\"tm-vc_general tm-vc_cta3 tm-vc_cta3-align-left tm-vc_cta3-icon-size-md tm-vc_cta3-icons-withouticon tm-vc_cta3-actions-no\"><div class=\"tm-vc_cta3_content-container\"><div class=\"tm-vc_cta3-content\"><div class=\"tm-vc_cta3-content-header tm-wrap\"><div class=\"tm-vc_cta3-headers tm-wrap-cell\"><h2 class=\"tm-custom-heading \" >Kinderfahrr\u00e4der<\/h2>\n<h4 style=\"color:#dd3333;\" class=\"tm-custom-heading \" >Ab \u20ac 7,-<\/h4>\n<\/div><\/div><\/div><div class=\"tm-cta3-desc-btn-wrapper\"><div class=\"tm-cta3-description\"><div class=\"tm-cta3-content-wrapper\"><p><img loading=\"lazy\" decoding=\"async\" class=\"aligncenter wp-image-3667 size-medium\" src=\"https:\/\/fietsenverhuurschiermonnikoog.com\/wp-content\/uploads\/2022\/09\/kmeisje-300x200.png\" alt=\"\" width=\"300\" height=\"200\" srcset=\"https:\/\/fietsenverhuurschiermonnikoog.com\/wp-content\/uploads\/2022\/09\/kmeisje-300x200.png 300w, https:\/\/fietsenverhuurschiermonnikoog.com\/wp-content\/uploads\/2022\/09\/kmeisje-768x512.png 768w, https:\/\/fietsenverhuurschiermonnikoog.com\/wp-content\/uploads\/2022\/09\/kmeisje.png 864w\" sizes=\"auto, (max-width: 300px) 100vw, 300px\" \/><\/p>\n<ul>\n<li>Sowohl Jungen als auch M\u00e4dchen Fahrr\u00e4der<\/li>\n<li>Mit Zahnr\u00e4dern zu zus\u00e4tzlichen Kosten<\/li>\n<li>Mehrere Gr\u00f6\u00dfen<\/li>\n<\/ul>\n<p><\/div><\/div><\/div><\/div><\/div><\/section><\/div>[\/vc_column][vc_column tm_shadow=&#8220;yes&#8220; width=&#8220;1\/4&#8243;]<div class=\"tm-sbox tm-sbox-iconalign-without-icon none tm-sbox-bgcolor-transparent tm-bgcolor-transparent tm-sbox-textcolor- tm-textcolor- tm-sbox-isize-md tm-sbox-isize-md tm-sbox-istyle-none vc_custom_1679598818883 tm-sbox-both-headings\"><section class=\"tm-vc_cta3-container\"><div class=\"tm-vc_general tm-vc_cta3 tm-vc_cta3-align-left tm-vc_cta3-icon-size-md tm-vc_cta3-icons-withouticon tm-vc_cta3-actions-no\"><div class=\"tm-vc_cta3_content-container\"><div class=\"tm-vc_cta3-content\"><div class=\"tm-vc_cta3-content-header tm-wrap\"><div class=\"tm-vc_cta3-headers tm-wrap-cell\"><h2 class=\"tm-custom-heading \" >Duofiets<\/h2>\n<h4 style=\"color:#dd3333;\" class=\"tm-custom-heading \" >Ab \u20ac 40,-<\/h4>\n<\/div><\/div><\/div><div class=\"tm-cta3-desc-btn-wrapper\"><div class=\"tm-cta3-description\"><div class=\"tm-cta3-content-wrapper\"><p><img loading=\"lazy\" decoding=\"async\" class=\"aligncenter wp-image-3725 size-medium\" src=\"https:\/\/fietsenverhuurschiermonnikoog.com\/wp-content\/uploads\/2022\/09\/duo-300x200.png\" alt=\"\" width=\"300\" height=\"200\" srcset=\"https:\/\/fietsenverhuurschiermonnikoog.com\/wp-content\/uploads\/2022\/09\/duo-300x200.png 300w, https:\/\/fietsenverhuurschiermonnikoog.com\/wp-content\/uploads\/2022\/09\/duo-768x512.png 768w, https:\/\/fietsenverhuurschiermonnikoog.com\/wp-content\/uploads\/2022\/09\/duo.png 864w\" sizes=\"auto, (max-width: 300px) 100vw, 300px\" \/><\/p>\n<ul>\n<li>Duo Bike (elektrisch)<\/li>\n<li>Eine Person sendet, beide k\u00f6nnen treten<\/li>\n<\/ul>\n<p><\/div><\/div><\/div><\/div><\/div><\/section><\/div>[\/vc_column][\/vc_row][vc_row tm_bgimagefixed=&#8220;&#8220; equal_height=&#8220;yes&#8220;][vc_column width=&#8220;1\/4&#8243;][vc_btn title=&#8220;Direkt buchen&#8220; style=&#8220;classic&#8220; color=&#8220;danger&#8220; align=&#8220;center&#8220; link=&#8220;url:https%3A%2F%2Fsoepboer.fietsreserveren.nl%2F%3Flocation%3DSoepboer%2520%28in%2520het%2520dorp%29|target:_blank|&#8220; css=&#8220;.vc_custom_1664368616320{padding-bottom: 20px !important;}&#8220;][\/vc_column][vc_column width=&#8220;1\/4&#8243;][vc_btn title=&#8220;Direkt buchen&#8220; style=&#8220;classic&#8220; color=&#8220;danger&#8220; align=&#8220;center&#8220; link=&#8220;url:https%3A%2F%2Fsoepboer.fietsreserveren.nl%2F%3Flocation%3DSoepboer%2520%28in%2520het%2520dorp%29|target:_blank|&#8220; css=&#8220;.vc_custom_1664368616320{padding-bottom: 20px !important;}&#8220;][\/vc_column][vc_column width=&#8220;1\/4&#8243;][vc_btn title=&#8220;Direkt buchen&#8220; style=&#8220;classic&#8220; color=&#8220;danger&#8220; align=&#8220;center&#8220; link=&#8220;url:https%3A%2F%2Fsoepboer.fietsreserveren.nl%2F%3Flocation%3DSoepboer%2520%28in%2520het%2520dorp%29|target:_blank|&#8220; css=&#8220;.vc_custom_1664368616320{padding-bottom: 20px !important;}&#8220;][\/vc_column][vc_column width=&#8220;1\/4&#8243;][vc_btn title=&#8220;Direkt buchen&#8220; style=&#8220;classic&#8220; color=&#8220;danger&#8220; align=&#8220;center&#8220; link=&#8220;url:https%3A%2F%2Fsoepboer.fietsreserveren.nl%2F%3Flocation%3DSoepboer%2520%28in%2520het%2520dorp%29|target:_blank|&#8220; css=&#8220;.vc_custom_1664368616320{padding-bottom: 20px !important;}&#8220;][\/vc_column][\/vc_row][vc_row tm_bgimagefixed=&#8220;&#8220; equal_height=&#8220;yes&#8220;][vc_column tm_shadow=&#8220;yes&#8220; width=&#8220;1\/4&#8243;]<div class=\"tm-sbox tm-sbox-iconalign-without-icon none tm-sbox-bgcolor-transparent tm-bgcolor-transparent tm-sbox-textcolor- tm-textcolor- tm-sbox-isize-md tm-sbox-isize-md tm-sbox-istyle-none vc_custom_1679598870026 tm-sbox-both-headings jdrx_min_height\"><section class=\"tm-vc_cta3-container\"><div class=\"tm-vc_general tm-vc_cta3 tm-vc_cta3-align-left tm-vc_cta3-icon-size-md tm-vc_cta3-icons-withouticon tm-vc_cta3-actions-no\"><div class=\"tm-vc_cta3_content-container\"><div class=\"tm-vc_cta3-content\"><div class=\"tm-vc_cta3-content-header tm-wrap\"><div class=\"tm-vc_cta3-headers tm-wrap-cell\"><h2 class=\"tm-custom-heading \" >Mountainbike<\/h2>\n<h4 style=\"color:#dd3333;\" class=\"tm-custom-heading \" >Ab \u20ac 12,-<\/h4>\n<\/div><\/div><\/div><div class=\"tm-cta3-desc-btn-wrapper\"><div class=\"tm-cta3-description\"><div class=\"tm-cta3-content-wrapper\"><p><img loading=\"lazy\" decoding=\"async\" class=\"aligncenter wp-image-3816 size-medium\" src=\"https:\/\/fietsenverhuurschiermonnikoog.com\/wp-content\/uploads\/2022\/09\/mtb-300x200.jpg\" alt=\"\" width=\"300\" height=\"200\" srcset=\"https:\/\/fietsenverhuurschiermonnikoog.com\/wp-content\/uploads\/2022\/09\/mtb-300x200.jpg 300w, https:\/\/fietsenverhuurschiermonnikoog.com\/wp-content\/uploads\/2022\/09\/mtb.jpg 450w\" sizes=\"auto, (max-width: 300px) 100vw, 300px\" \/><\/p>\n<ul>\n<li>Mehrere Gr\u00f6\u00dfen verf\u00fcgbar<\/li>\n<li>Auch Kinder-MTBs<\/li>\n<li>Mehrere Tage billiger<\/li>\n<\/ul>\n<p><\/div><\/div><\/div><\/div><\/div><\/section><\/div>[\/vc_column][vc_column tm_shadow=&#8220;yes&#8220; width=&#8220;1\/4&#8243;]<div class=\"tm-sbox tm-sbox-iconalign-without-icon none tm-sbox-bgcolor-transparent tm-bgcolor-transparent tm-sbox-textcolor- tm-textcolor- tm-sbox-isize-md tm-sbox-isize-md tm-sbox-istyle-none vc_custom_1679598848592 tm-sbox-both-headings\"><section class=\"tm-vc_cta3-container\"><div class=\"tm-vc_general tm-vc_cta3 tm-vc_cta3-align-left tm-vc_cta3-icon-size-md tm-vc_cta3-icons-withouticon tm-vc_cta3-actions-no\"><div class=\"tm-vc_cta3_content-container\"><div class=\"tm-vc_cta3-content\"><div class=\"tm-vc_cta3-content-header tm-wrap\"><div class=\"tm-vc_cta3-headers tm-wrap-cell\"><h2 class=\"tm-custom-heading \" >Fatbike<\/h2>\n<h4 style=\"color:#dd3333;\" class=\"tm-custom-heading \" >Ab \u20ac 27,50<\/h4>\n<\/div><\/div><\/div><div class=\"tm-cta3-desc-btn-wrapper\"><div class=\"tm-cta3-description\"><div class=\"tm-cta3-content-wrapper\"><p><img loading=\"lazy\" decoding=\"async\" class=\"aligncenter wp-image-3818 size-medium\" src=\"https:\/\/fietsenverhuurschiermonnikoog.com\/wp-content\/uploads\/2022\/09\/kona-300x226.jpg\" alt=\"\" width=\"300\" height=\"226\" srcset=\"https:\/\/fietsenverhuurschiermonnikoog.com\/wp-content\/uploads\/2022\/09\/kona-300x226.jpg 300w, https:\/\/fietsenverhuurschiermonnikoog.com\/wp-content\/uploads\/2022\/09\/kona-1024x770.jpg 1024w, https:\/\/fietsenverhuurschiermonnikoog.com\/wp-content\/uploads\/2022\/09\/kona-768x578.jpg 768w, https:\/\/fietsenverhuurschiermonnikoog.com\/wp-content\/uploads\/2022\/09\/kona-1536x1156.jpg 1536w, https:\/\/fietsenverhuurschiermonnikoog.com\/wp-content\/uploads\/2022\/09\/kona-2048x1541.jpg 2048w, https:\/\/fietsenverhuurschiermonnikoog.com\/wp-content\/uploads\/2022\/09\/kona-720x544.jpg 720w, https:\/\/fietsenverhuurschiermonnikoog.com\/wp-content\/uploads\/2022\/09\/kona-800x600.jpg 800w\" sizes=\"auto, (max-width: 300px) 100vw, 300px\" \/><\/p>\n<ul>\n<li>Fatbike f\u00fcr den Strand<\/li>\n<li>Max. 1 Tag<\/li>\n<\/ul>\n<p><\/div><\/div><\/div><\/div><\/div><\/section><\/div>[\/vc_column][vc_column tm_shadow=&#8220;yes&#8220; width=&#8220;1\/4&#8243;]<div class=\"tm-sbox tm-sbox-iconalign-without-icon none tm-sbox-bgcolor-transparent tm-bgcolor-transparent tm-sbox-textcolor- tm-textcolor- tm-sbox-isize-md tm-sbox-isize-md tm-sbox-istyle-none vc_custom_1679598880166 tm-sbox-both-headings\"><section class=\"tm-vc_cta3-container\"><div class=\"tm-vc_general tm-vc_cta3 tm-vc_cta3-align-left tm-vc_cta3-icon-size-md tm-vc_cta3-icons-withouticon tm-vc_cta3-actions-no\"><div class=\"tm-vc_cta3_content-container\"><div class=\"tm-vc_cta3-content\"><div class=\"tm-vc_cta3-content-header tm-wrap\"><div class=\"tm-vc_cta3-headers tm-wrap-cell\"><h2 class=\"tm-custom-heading \" >Lastenrad<\/h2>\n<h4 style=\"color:#dd3333;\" class=\"tm-custom-heading \" >Ab \u20ac 20,-<\/h4>\n<\/div><\/div><\/div><div class=\"tm-cta3-desc-btn-wrapper\"><div class=\"tm-cta3-description\"><div class=\"tm-cta3-content-wrapper\"><p><img loading=\"lazy\" decoding=\"async\" class=\"aligncenter wp-image-3673 size-medium\" src=\"https:\/\/fietsenverhuurschiermonnikoog.com\/wp-content\/uploads\/2022\/09\/cabby-300x200.png\" alt=\"\" width=\"300\" height=\"200\" srcset=\"https:\/\/fietsenverhuurschiermonnikoog.com\/wp-content\/uploads\/2022\/09\/cabby-300x200.png 300w, https:\/\/fietsenverhuurschiermonnikoog.com\/wp-content\/uploads\/2022\/09\/cabby-768x512.png 768w, https:\/\/fietsenverhuurschiermonnikoog.com\/wp-content\/uploads\/2022\/09\/cabby.png 864w\" sizes=\"auto, (max-width: 300px) 100vw, 300px\" \/><\/p>\n<ul>\n<li>Cargo-Fahrrad im Dorf<\/li>\n<li>Suche nach M\u00f6glichkeiten<\/li>\n<li>Hunde-Frachtfahrr\u00e4der sind ebenfalls erh\u00e4ltlich<\/li>\n<\/ul>\n<p><\/div><\/div><\/div><\/div><\/div><\/section><\/div>[\/vc_column][vc_column tm_shadow=&#8220;yes&#8220; width=&#8220;1\/4&#8243;]<div class=\"tm-sbox tm-sbox-iconalign-without-icon none tm-sbox-bgcolor-transparent tm-bgcolor-transparent tm-sbox-textcolor- tm-textcolor- tm-sbox-isize-md tm-sbox-isize-md tm-sbox-istyle-none vc_custom_1679598887471 tm-sbox-both-headings\"><section class=\"tm-vc_cta3-container\"><div class=\"tm-vc_general tm-vc_cta3 tm-vc_cta3-align-left tm-vc_cta3-icon-size-md tm-vc_cta3-icons-withouticon tm-vc_cta3-actions-no\"><div class=\"tm-vc_cta3_content-container\"><div class=\"tm-vc_cta3-content\"><div class=\"tm-vc_cta3-content-header tm-wrap\"><div class=\"tm-vc_cta3-headers tm-wrap-cell\"><h2 class=\"tm-custom-heading \" >Tandems<\/h2>\n<h4 style=\"color:#dd3333;\" class=\"tm-custom-heading \" >Ab \u20ac 18,-<\/h4>\n<\/div><\/div><\/div><div class=\"tm-cta3-desc-btn-wrapper\"><div class=\"tm-cta3-description\"><div class=\"tm-cta3-content-wrapper\"><p><img loading=\"lazy\" decoding=\"async\" class=\"aligncenter wp-image-3700 size-medium\" src=\"https:\/\/fietsenverhuurschiermonnikoog.com\/wp-content\/uploads\/2022\/09\/Kindertandem-300x222.jpg\" alt=\"\" width=\"300\" height=\"222\" srcset=\"https:\/\/fietsenverhuurschiermonnikoog.com\/wp-content\/uploads\/2022\/09\/Kindertandem-300x222.jpg 300w, https:\/\/fietsenverhuurschiermonnikoog.com\/wp-content\/uploads\/2022\/09\/Kindertandem.jpg 576w\" sizes=\"auto, (max-width: 300px) 100vw, 300px\" \/><\/p>\n<ul>\n<li>Tandems<\/li>\n<li>Tandems f\u00fcr Erwachsene<\/li>\n<li>Kinder-Tandems sind ebenfalls erh\u00e4ltlich.<\/li>\n<\/ul>\n<p><\/div><\/div><\/div><\/div><\/div><\/section><\/div>[\/vc_column][\/vc_row][vc_row tm_bgimagefixed=&#8220;&#8220; equal_height=&#8220;yes&#8220;][vc_column width=&#8220;1\/4&#8243;][vc_btn title=&#8220;Direkt buchen&#8220; style=&#8220;classic&#8220; color=&#8220;danger&#8220; align=&#8220;center&#8220; link=&#8220;url:https%3A%2F%2Fsoepboer.fietsreserveren.nl%2F%3Flocation%3DSoepboer%2520%28in%2520het%2520dorp%29|target:_blank|&#8220; css=&#8220;.vc_custom_1664368616320{padding-bottom: 20px !important;}&#8220;][\/vc_column][vc_column width=&#8220;1\/4&#8243;][vc_btn title=&#8220;Direkt buchen&#8220; style=&#8220;classic&#8220; color=&#8220;danger&#8220; align=&#8220;center&#8220; link=&#8220;url:https%3A%2F%2Fsoepboer.fietsreserveren.nl%2F%3Flocation%3DSoepboer%2520%28in%2520het%2520dorp%29|target:_blank|&#8220; css=&#8220;.vc_custom_1664368616320{padding-bottom: 20px !important;}&#8220;][\/vc_column][vc_column width=&#8220;1\/4&#8243;][vc_btn title=&#8220;Direkt buchen&#8220; style=&#8220;classic&#8220; color=&#8220;danger&#8220; align=&#8220;center&#8220; link=&#8220;url:https%3A%2F%2Fsoepboer.fietsreserveren.nl%2F%3Flocation%3DSoepboer%2520%28in%2520het%2520dorp%29|target:_blank|&#8220; css=&#8220;.vc_custom_1664368616320{padding-bottom: 20px !important;}&#8220;][\/vc_column][vc_column width=&#8220;1\/4&#8243;][vc_btn title=&#8220;Direkt buchen&#8220; style=&#8220;classic&#8220; color=&#8220;danger&#8220; align=&#8220;center&#8220; link=&#8220;url:https%3A%2F%2Fsoepboer.fietsreserveren.nl%2F%3Flocation%3DSoepboer%2520%28in%2520het%2520dorp%29|target:_blank|&#8220; css=&#8220;.vc_custom_1664368616320{padding-bottom: 20px !important;}&#8220;][\/vc_column][\/vc_row]<\/p>\n","protected":false},"excerpt":{"rendered":"<p>[vc_row tm_bgimagefixed=&#8220;&#8220; equal_height=&#8220;yes&#8220;][vc_column tm_shadow=&#8220;yes&#8220; width=&#8220;1\/4&#8243;][\/vc_column][vc_column tm_shadow=&#8220;yes&#8220; width=&#8220;1\/4&#8243;][\/vc_column][vc_column tm_shadow=&#8220;yes&#8220; width=&#8220;1\/4&#8243;][\/vc_column][vc_column tm_shadow=&#8220;yes&#8220; width=&#8220;1\/4&#8243;][\/vc_column][\/vc_row][vc_row tm_bgimagefixed=&#8220;&#8220; equal_height=&#8220;yes&#8220;][vc_column width=&#8220;1\/4&#8243;][vc_btn title=&#8220;Direkt buchen&#8220; style=&#8220;classic&#8220; color=&#8220;danger&#8220; align=&#8220;center&#8220; link=&#8220;url:https%3A%2F%2Fsoepboer.fietsreserveren.nl%2F%3Flocation%3DSoepboer%2520%28in%2520het%2520dorp%29|target:_blank|&#8220; css=&#8220;.vc_custom_1664368616320{padding-bottom: 20px !important;}&#8220;][\/vc_column][vc_column width=&#8220;1\/4&#8243;][vc_btn title=&#8220;Direkt buchen&#8220; style=&#8220;classic&#8220; color=&#8220;danger&#8220; align=&#8220;center&#8220; link=&#8220;url:https%3A%2F%2Fsoepboer.fietsreserveren.nl%2F%3Flocation%3DSoepboer%2520%28in%2520het%2520dorp%29|target:_blank|&#8220; css=&#8220;.vc_custom_1664368616320{padding-bottom: 20px !important;}&#8220;][\/vc_column][vc_column width=&#8220;1\/4&#8243;][vc_btn title=&#8220;Direkt buchen&#8220; style=&#8220;classic&#8220; color=&#8220;danger&#8220; align=&#8220;center&#8220; link=&#8220;url:https%3A%2F%2Fsoepboer.fietsreserveren.nl%2F%3Flocation%3DSoepboer%2520%28in%2520het%2520dorp%29|target:_blank|&#8220; css=&#8220;.vc_custom_1664368616320{padding-bottom: 20px !important;}&#8220;][\/vc_column][vc_column width=&#8220;1\/4&#8243;][vc_btn title=&#8220;Direkt buchen&#8220; style=&#8220;classic&#8220; color=&#8220;danger&#8220; align=&#8220;center&#8220; link=&#8220;url:https%3A%2F%2Fsoepboer.fietsreserveren.nl%2F%3Flocation%3DSoepboer%2520%28in%2520het%2520dorp%29|target:_blank|&#8220; css=&#8220;.vc_custom_1664368616320{padding-bottom: 20px !important;}&#8220;][\/vc_column][\/vc_row][vc_row tm_bgimagefixed=&#8220;&#8220; equal_height=&#8220;yes&#8220;][vc_column &hellip; <a href=\"https:\/\/fietsenverhuurschiermonnikoog.com\/de\/verleih\/standort-soepboer\/mietpreise-soepboer\/\" class=\"more-link\">Continue reading <span class=\"screen-reader-text\">Mietpreise Soepboer<\/span><\/a><\/p>\n","protected":false},"author":1,"featured_media":0,"parent":4549,"menu_order":0,"comment_status":"closed","ping_status":"closed","template":"","meta":{"footnotes":""},"class_list":["post-4552","page","type-page","status-publish","hentry"],"_links":{"self":[{"href":"https:\/\/fietsenverhuurschiermonnikoog.com\/de\/wp-json\/wp\/v2\/pages\/4552","targetHints":{"allow":["GET"]}}],"collection":[{"href":"https:\/\/fietsenverhuurschiermonnikoog.com\/de\/wp-json\/wp\/v2\/pages"}],"about":[{"href":"https:\/\/fietsenverhuurschiermonnikoog.com\/de\/wp-json\/wp\/v2\/types\/page"}],"author":[{"embeddable":true,"href":"https:\/\/fietsenverhuurschiermonnikoog.com\/de\/wp-json\/wp\/v2\/users\/1"}],"replies":[{"embeddable":true,"href":"https:\/\/fietsenverhuurschiermonnikoog.com\/de\/wp-json\/wp\/v2\/comments?post=4552"}],"version-history":[{"count":0,"href":"https:\/\/fietsenverhuurschiermonnikoog.com\/de\/wp-json\/wp\/v2\/pages\/4552\/revisions"}],"up":[{"embeddable":true,"href":"https:\/\/fietsenverhuurschiermonnikoog.com\/de\/wp-json\/wp\/v2\/pages\/4549"}],"wp:attachment":[{"href":"https:\/\/fietsenverhuurschiermonnikoog.com\/de\/wp-json\/wp\/v2\/media?parent=4552"}],"curies":[{"name":"wp","href":"https:\/\/api.w.org\/{rel}","templated":true}]}}