{"id":4574,"date":"2022-09-08T13:10:33","date_gmt":"2022-09-08T13:10:33","guid":{"rendered":"https:\/\/fietsenverhuurschiermonnikoog.com\/gruppenanfrage\/"},"modified":"2023-05-02T14:14:38","modified_gmt":"2023-05-02T14:14:38","slug":"gruppenanfrage","status":"publish","type":"page","link":"https:\/\/fietsenverhuurschiermonnikoog.com\/de\/gruppenanfrage\/","title":{"rendered":"Gruppenanfrage"},"content":{"rendered":"<p>[vc_row][vc_column][vc_column_text]F\u00fcr eine Gruppenreservierung f\u00fcllen Sie bitte dieses Formular so sorgf\u00e4ltig wie m\u00f6glich aus.<br \/>\nSie erhalten eine Best\u00e4tigung von uns \u00fcber dieses Formular.<br \/>\nWenn Sie Fragen oder Einzelheiten haben, f\u00fcllen Sie dies bitte in den Kommentaren aus.<\/p>\n<div class=\"wpcf7 no-js\" id=\"wpcf7-f4777-o1\" lang=\"de-DE\" dir=\"ltr\" data-wpcf7-id=\"4777\">\n<div class=\"screen-reader-response\"><p role=\"status\" aria-live=\"polite\" aria-atomic=\"true\"><\/p> <ul><\/ul><\/div>\n<form action=\"\/de\/wp-json\/wp\/v2\/pages\/4574#wpcf7-f4777-o1\" method=\"post\" class=\"wpcf7-form init\" aria-label=\"Kontaktformular\" novalidate=\"novalidate\" data-status=\"init\">\n<fieldset class=\"hidden-fields-container\"><input type=\"hidden\" name=\"_wpcf7\" value=\"4777\" \/><input type=\"hidden\" name=\"_wpcf7_version\" value=\"6.1.5\" \/><input type=\"hidden\" name=\"_wpcf7_locale\" value=\"de_DE\" \/><input type=\"hidden\" name=\"_wpcf7_unit_tag\" value=\"wpcf7-f4777-o1\" \/><input type=\"hidden\" name=\"_wpcf7_container_post\" value=\"0\" \/><input type=\"hidden\" name=\"_wpcf7_posted_data_hash\" value=\"\" \/><input type=\"hidden\" name=\"_wpcf7cf_hidden_group_fields\" value=\"[]\" \/><input type=\"hidden\" name=\"_wpcf7cf_hidden_groups\" value=\"[]\" \/><input type=\"hidden\" name=\"_wpcf7cf_visible_groups\" value=\"[]\" \/><input type=\"hidden\" name=\"_wpcf7cf_repeaters\" value=\"[]\" \/><input type=\"hidden\" name=\"_wpcf7cf_steps\" value=\"{}\" \/><input type=\"hidden\" name=\"_wpcf7cf_options\" value=\"{&quot;form_id&quot;:4777,&quot;conditions&quot;:[{&quot;then_field&quot;:&quot;op_rekening&quot;,&quot;and_rules&quot;:[{&quot;if_field&quot;:&quot;betaalmethode&quot;,&quot;operator&quot;:&quot;equals&quot;,&quot;if_value&quot;:&quot;Auf Rechnung&quot;}]},{&quot;then_field&quot;:&quot;basisschool&quot;,&quot;and_rules&quot;:[{&quot;if_field&quot;:&quot;soort_groep&quot;,&quot;operator&quot;:&quot;equals&quot;,&quot;if_value&quot;:&quot;Grundschule&quot;}]},{&quot;then_field&quot;:&quot;aantallen&quot;,&quot;and_rules&quot;:[{&quot;if_field&quot;:&quot;soort_groep&quot;,&quot;operator&quot;:&quot;equals&quot;,&quot;if_value&quot;:&quot;Oberschule&quot;}]},{&quot;then_field&quot;:&quot;aantallen&quot;,&quot;and_rules&quot;:[{&quot;if_field&quot;:&quot;soort_groep&quot;,&quot;operator&quot;:&quot;equals&quot;,&quot;if_value&quot;:&quot;\\u00dcbrig&quot;}]},{&quot;then_field&quot;:&quot;aantallen&quot;,&quot;and_rules&quot;:[{&quot;if_field&quot;:&quot;soort_groep&quot;,&quot;operator&quot;:&quot;equals&quot;,&quot;if_value&quot;:&quot;Verband&quot;}]},{&quot;then_field&quot;:&quot;aantallen&quot;,&quot;and_rules&quot;:[{&quot;if_field&quot;:&quot;soort_groep&quot;,&quot;operator&quot;:&quot;equals&quot;,&quot;if_value&quot;:&quot;Universit\\u00e4t&quot;}]},{&quot;then_field&quot;:&quot;aantallen&quot;,&quot;and_rules&quot;:[{&quot;if_field&quot;:&quot;soort_groep&quot;,&quot;operator&quot;:&quot;equals&quot;,&quot;if_value&quot;:&quot;Unternehmen&quot;}]},{&quot;then_field&quot;:&quot;kinderfietsen&quot;,&quot;and_rules&quot;:[{&quot;if_field&quot;:&quot;leeftijdsindicatie&quot;,&quot;operator&quot;:&quot;equals&quot;,&quot;if_value&quot;:&quot;8-10 jahre&quot;}]},{&quot;then_field&quot;:&quot;gr_locatie_anders&quot;,&quot;and_rules&quot;:[{&quot;if_field&quot;:&quot;locatie_verblijf&quot;,&quot;operator&quot;:&quot;equals&quot;,&quot;if_value&quot;:&quot;Anderer&quot;}]}],&quot;settings&quot;:{&quot;animation&quot;:&quot;yes&quot;,&quot;animation_intime&quot;:200,&quot;animation_outtime&quot;:200,&quot;conditions_ui&quot;:&quot;normal&quot;,&quot;notice_dismissed&quot;:false,&quot;notice_dismissed_rollback-cf7-5.8.7&quot;:true}}\" \/><input type=\"hidden\" name=\"_wpcf7_recaptcha_response\" value=\"\" \/>\n<\/fieldset>\n<p><label> Gruppenname<br \/>\n<span class=\"wpcf7-form-control-wrap\" data-name=\"naam-groep\"><input size=\"40\" maxlength=\"400\" class=\"wpcf7-form-control wpcf7-text wpcf7-validates-as-required\" aria-required=\"true\" aria-invalid=\"false\" value=\"\" type=\"text\" name=\"naam-groep\" \/><\/span> <\/label>\n<\/p>\n<p><label> Stra\u00dfe<br \/>\n<span class=\"wpcf7-form-control-wrap\" data-name=\"straat\"><input size=\"40\" maxlength=\"400\" class=\"wpcf7-form-control wpcf7-text wpcf7-validates-as-required\" aria-required=\"true\" aria-invalid=\"false\" value=\"\" type=\"text\" name=\"straat\" \/><\/span> <\/label>\n<\/p>\n<p><label> Postleitzahl<br \/>\n<span class=\"wpcf7-form-control-wrap\" data-name=\"postcode\"><input size=\"40\" maxlength=\"400\" class=\"wpcf7-form-control wpcf7-text wpcf7-validates-as-required\" aria-required=\"true\" aria-invalid=\"false\" value=\"\" type=\"text\" name=\"postcode\" \/><\/span> <\/label>\n<\/p>\n<p><label> Ort<br \/>\n<span class=\"wpcf7-form-control-wrap\" data-name=\"plaats\"><input size=\"40\" maxlength=\"400\" class=\"wpcf7-form-control wpcf7-text wpcf7-validates-as-required\" aria-required=\"true\" aria-invalid=\"false\" value=\"\" type=\"text\" name=\"plaats\" \/><\/span> <\/label>\n<\/p>\n<p><label> Land<br \/>\n<span class=\"wpcf7-form-control-wrap\" data-name=\"land\"><input size=\"40\" maxlength=\"400\" class=\"wpcf7-form-control wpcf7-text wpcf7-validates-as-required\" aria-required=\"true\" aria-invalid=\"false\" value=\"\" type=\"text\" name=\"land\" \/><\/span> <\/label>\n<\/p>\n<p><label>Kontakt Vorname<br \/>\n<span class=\"wpcf7-form-control-wrap\" data-name=\"voornaam\"><input size=\"40\" maxlength=\"400\" class=\"wpcf7-form-control wpcf7-text wpcf7-validates-as-required\" aria-required=\"true\" aria-invalid=\"false\" value=\"\" type=\"text\" name=\"voornaam\" \/><\/span> <\/label>\n<\/p>\n<p><label>Kontakt Nachname<br \/>\n<span class=\"wpcf7-form-control-wrap\" data-name=\"achternaam\"><input size=\"40\" maxlength=\"400\" class=\"wpcf7-form-control wpcf7-text wpcf7-validates-as-required\" aria-required=\"true\" aria-invalid=\"false\" value=\"\" type=\"text\" name=\"achternaam\" \/><\/span> <\/label>\n<\/p>\n<p><label>Handynummer<br \/>\n<span class=\"wpcf7-form-control-wrap\" data-name=\"mobiel\"><input size=\"40\" maxlength=\"400\" class=\"wpcf7-form-control wpcf7-text wpcf7-validates-as-required\" aria-required=\"true\" aria-invalid=\"false\" value=\"\" type=\"text\" name=\"mobiel\" \/><\/span> <\/label>\n<\/p>\n<p><label>Handynummer Kontaktperson w\u00e4hrend der Mietzeit<br \/>\n<span class=\"wpcf7-form-control-wrap\" data-name=\"mobiel_huurperiode\"><input size=\"40\" maxlength=\"400\" class=\"wpcf7-form-control wpcf7-text wpcf7-validates-as-required\" aria-required=\"true\" aria-invalid=\"false\" value=\"\" type=\"text\" name=\"mobiel_huurperiode\" \/><\/span> <\/label>\n<\/p>\n<p><label> E-Mail-Adresse<br \/>\n<span class=\"wpcf7-form-control-wrap\" data-name=\"email\"><input size=\"40\" maxlength=\"400\" class=\"wpcf7-form-control wpcf7-email wpcf7-validates-as-required wpcf7-text wpcf7-validates-as-email\" aria-required=\"true\" aria-invalid=\"false\" value=\"\" type=\"email\" name=\"email\" \/><\/span> <\/label><br \/>\n<hr \/>\n<\/p>\n<p><label> Haben Sie schon einmal Fahrr\u00e4der von uns gemietet?<br \/>\n<span class=\"wpcf7-form-control-wrap\" data-name=\"eerder_gehuurd\"><select class=\"wpcf7-form-control wpcf7-select wpcf7-validates-as-required\" aria-required=\"true\" aria-invalid=\"false\" name=\"eerder_gehuurd\"><option value=\"\">&#8211; Bitte ausw\u00e4hlen &#8211;<\/option><option value=\"Ja\">Ja<\/option><option value=\"Nein\">Nein<\/option><\/select><\/span><\/label>\n<\/p>\n<p><label> Zahlungsweise<br \/>\n<span class=\"wpcf7-form-control-wrap\" data-name=\"betaalmethode\"><select class=\"wpcf7-form-control wpcf7-select wpcf7-validates-as-required\" aria-required=\"true\" aria-invalid=\"false\" name=\"betaalmethode\"><option value=\"\">&#8211; Bitte ausw\u00e4hlen &#8211;<\/option><option value=\"Pin\">Pin<\/option><option value=\"Kasse\">Kasse<\/option><option value=\"Auf Rechnung\">Auf Rechnung<\/option><\/select><\/span><\/label>\n<\/p>\n<div data-id=\"op_rekening\" data-orig_data_id=\"op_rekening\"  class=\"\" data-class=\"wpcf7cf_group\">\n\t<p><label>Kostenstelle<br \/>\n<span class=\"wpcf7-form-control-wrap\" data-name=\"kostenplaats\"><input size=\"40\" maxlength=\"400\" class=\"wpcf7-form-control wpcf7-text wpcf7-validates-as-required\" aria-required=\"true\" aria-invalid=\"false\" value=\"\" type=\"text\" name=\"kostenplaats\" \/><\/span> <\/label>\n\t<\/p>\n\t<p><label>Rechnungsadresse<br \/>\n<span class=\"wpcf7-form-control-wrap\" data-name=\"factuuradres\"><input size=\"40\" maxlength=\"400\" class=\"wpcf7-form-control wpcf7-text wpcf7-validates-as-required\" aria-required=\"true\" aria-invalid=\"false\" value=\"\" type=\"text\" name=\"factuuradres\" \/><\/span> <\/label>\n\t<\/p>\n\t<p><label>Rechnungs-E-Mail<br \/>\n<span class=\"wpcf7-form-control-wrap\" data-name=\"factuuremail\"><input size=\"40\" maxlength=\"400\" class=\"wpcf7-form-control wpcf7-text wpcf7-validates-as-required\" aria-required=\"true\" aria-invalid=\"false\" value=\"\" type=\"text\" name=\"factuuremail\" \/><\/span> <\/label>\n\t<\/p>\n\t<p><b>F\u00fcllen Sie die obigen Daten korrekt aus, um die korrekte Abrechnung zu erm\u00f6glichen.<\/b>\n\t<\/p>\n<\/div>\n<div style=\"margin-top: 20px;\">\n\t<p>&nbsp;\n\t<\/p>\n<\/div>\n<p><label> Der Ort, an dem Sie auf Schiermonnikoog \u00fcbernachten<br \/>\n<span class=\"wpcf7-form-control-wrap\" data-name=\"locatie_verblijf\"><select class=\"wpcf7-form-control wpcf7-select wpcf7-validates-as-required\" aria-required=\"true\" aria-invalid=\"false\" name=\"locatie_verblijf\"><option value=\"\">&#8211; Bitte ausw\u00e4hlen &#8211;<\/option><option value=\"Kooiplaats\">Kooiplaats<\/option><option value=\"Eureca\">Eureca<\/option><option value=\"Duinhoeve\">Duinhoeve<\/option><option value=\"de Branding\">de Branding<\/option><option value=\"Springfield\">Springfield<\/option><option value=\"de Oorsprong\">de Oorsprong<\/option><option value=\"Binnendijken\">Binnendijken<\/option><option value=\"Hotel van der Werff\">Hotel van der Werff<\/option><option value=\"Graaf Bernstorff\">Graaf Bernstorff<\/option><option value=\"Camping Seedune\">Camping Seedune<\/option><option value=\"1 dagje Schiermonnikoog\">1 dagje Schiermonnikoog<\/option><option value=\"Anderer\">Anderer<\/option><\/select><\/span><\/label>\n<\/p>\n<p><span data-id=\"gr_locatie_anders\" data-orig_data_id=\"gr_locatie_anders\"  class=\"\" data-class=\"wpcf7cf_group\"><br \/>\n<label> Anderer Ort<br \/>\n<span class=\"wpcf7-form-control-wrap\" data-name=\"locatie_anders\"><input size=\"40\" maxlength=\"400\" class=\"wpcf7-form-control wpcf7-text wpcf7-validates-as-required\" aria-required=\"true\" aria-invalid=\"false\" value=\"\" type=\"text\" name=\"locatie_anders\" \/><\/span><\/label><br \/>\n<\/span>\n<\/p>\n<p><label> Wo m\u00f6chten Sie die Fahrr\u00e4der abholen?<br \/>\n<span class=\"wpcf7-form-control-wrap\" data-name=\"waar_afhalen\"><select class=\"wpcf7-form-control wpcf7-select wpcf7-validates-as-required\" aria-required=\"true\" aria-invalid=\"false\" name=\"waar_afhalen\"><option value=\"\">&#8211; Bitte ausw\u00e4hlen &#8211;<\/option><option value=\"Veerdam (am Ankunftsboot)\">Veerdam (am Ankunftsboot)<\/option><option value=\"Soepboer (im Dorf)\">Soepboer (im Dorf)<\/option><\/select><\/span><\/label>\n<\/p>\n<p><label> Abholdatum<br \/>\n<span class=\"wpcf7-form-control-wrap\" data-name=\"afhaaldatum\"><input class=\"wpcf7-form-control wpcf7-date wpcf7-validates-as-required wpcf7-validates-as-date\" aria-required=\"true\" aria-invalid=\"false\" value=\"\" type=\"date\" name=\"afhaaldatum\" \/><\/span><\/label>\n<\/p>\n<p><label> Bootszeit von Lauwersoog<br \/>\n<span class=\"wpcf7-form-control-wrap\" data-name=\"boottijd\"><select class=\"wpcf7-form-control wpcf7-select wpcf7-validates-as-required\" aria-required=\"true\" aria-invalid=\"false\" name=\"boottijd\"><option value=\"9:30\">9:30<\/option><option value=\"12:30\">12:30<\/option><option value=\"15:30\">15:30<\/option><option value=\"18:30\">18:30<\/option><\/select><\/span><\/label>\n<\/p>\n<p><label> Gep\u00e4cktransport bei der Ankunft? (Keine Anh\u00e4nger)<br \/>\n<span class=\"wpcf7-form-control-wrap\" data-name=\"bagage_aankomst\"><select class=\"wpcf7-form-control wpcf7-select wpcf7-validates-as-required\" aria-required=\"true\" aria-invalid=\"false\" name=\"bagage_aankomst\"><option value=\"\">&#8211; Bitte ausw\u00e4hlen &#8211;<\/option><option value=\"Ja\">Ja<\/option><option value=\"Nein\">Nein<\/option><\/select><\/span><\/label>\n<\/p>\n<p><label> Abreisedatum<br \/>\n<span class=\"wpcf7-form-control-wrap\" data-name=\"vertrekdatum\"><input class=\"wpcf7-form-control wpcf7-date wpcf7-validates-as-required wpcf7-validates-as-date\" aria-required=\"true\" aria-invalid=\"false\" value=\"\" type=\"date\" name=\"vertrekdatum\" \/><\/span><\/label>\n<\/p>\n<p><label> Bootszeit von Schiermonnikoog<br \/>\n<span class=\"wpcf7-form-control-wrap\" data-name=\"boottijd_vertrek\"><select class=\"wpcf7-form-control wpcf7-select wpcf7-validates-as-required\" aria-required=\"true\" aria-invalid=\"false\" name=\"boottijd_vertrek\"><option value=\"10:30\">10:30<\/option><option value=\"13:30\">13:30<\/option><option value=\"16:30\">16:30<\/option><option value=\"19:30\">19:30<\/option><\/select><\/span><\/label>\n<\/p>\n<p><label> Gep\u00e4cktransport bei der Abreise? (Keine Anh\u00e4nger)<br \/>\n<span class=\"wpcf7-form-control-wrap\" data-name=\"bagage_vertrek\"><select class=\"wpcf7-form-control wpcf7-select wpcf7-validates-as-required\" aria-required=\"true\" aria-invalid=\"false\" name=\"bagage_vertrek\"><option value=\"\">&#8211; Bitte ausw\u00e4hlen &#8211;<\/option><option value=\"Ja\">Ja<\/option><option value=\"Nein\">Nein<\/option><\/select><\/span><\/label>\n<\/p>\n<p><label> Gruppentyp<br \/>\n<span class=\"wpcf7-form-control-wrap\" data-name=\"soort_groep\"><select class=\"wpcf7-form-control wpcf7-select wpcf7-validates-as-required\" aria-required=\"true\" aria-invalid=\"false\" name=\"soort_groep\"><option value=\"\">&#8211; Bitte ausw\u00e4hlen &#8211;<\/option><option value=\"Grundschule\">Grundschule<\/option><option value=\"Oberschule\">Oberschule<\/option><option value=\"Universit\u00e4t\">Universit\u00e4t<\/option><option value=\"Unternehmen\">Unternehmen<\/option><option value=\"Verband\">Verband<\/option><option value=\"\u00dcbrig\">\u00dcbrig<\/option><\/select><\/span><\/label>\n<\/p>\n<div data-id=\"basisschool\" data-orig_data_id=\"basisschool\"  class=\"\" data-class=\"wpcf7cf_group\">\n\t<p><label> Gesamtzahl der Teilnehmer (Anleitung + Kinder)<br \/>\n<span class=\"wpcf7-form-control-wrap\" data-name=\"aantal_deelnemers\"><input class=\"wpcf7-form-control wpcf7-number wpcf7-validates-as-number\" aria-invalid=\"false\" value=\"\" type=\"number\" name=\"aantal_deelnemers\" \/><\/span><\/label>\n\t<\/p>\n\t<p><label> Gesamtzahl der Jungen<br \/>\n<span class=\"wpcf7-form-control-wrap\" data-name=\"aantal_jongens\"><input class=\"wpcf7-form-control wpcf7-number wpcf7-validates-as-number\" aria-invalid=\"false\" value=\"\" type=\"number\" name=\"aantal_jongens\" \/><\/span><\/label>\n\t<\/p>\n\t<p><label> Gesamtzahl der M\u00e4dchen<br \/>\n<span class=\"wpcf7-form-control-wrap\" data-name=\"aantal_meisjes\"><input class=\"wpcf7-form-control wpcf7-number wpcf7-validates-as-number\" aria-invalid=\"false\" value=\"\" type=\"number\" name=\"aantal_meisjes\" \/><\/span><\/label>\n\t<\/p>\n\t<p><label> Anzahl der Jungen weniger als 1,50 Meter<br \/>\n<span class=\"wpcf7-form-control-wrap\" data-name=\"aantal_jongens_kleiner_150\"><input class=\"wpcf7-form-control wpcf7-number wpcf7-validates-as-number\" aria-invalid=\"false\" value=\"\" type=\"number\" name=\"aantal_jongens_kleiner_150\" \/><\/span><\/label>\n\t<\/p>\n\t<p><label>Anzahl der M\u00e4dchen weniger als 1,50 Meter<br \/>\n<span class=\"wpcf7-form-control-wrap\" data-name=\"aantal_meisjes_kleiner_150\"><input class=\"wpcf7-form-control wpcf7-number wpcf7-validates-as-number\" aria-invalid=\"false\" value=\"\" type=\"number\" name=\"aantal_meisjes_kleiner_150\" \/><\/span><\/label>\n\t<\/p>\n\t<p><label>Bitte geben Sie das Alter an<br \/>\n<span class=\"wpcf7-form-control-wrap\" data-name=\"leeftijdsindicatie\"><select class=\"wpcf7-form-control wpcf7-select\" aria-invalid=\"false\" name=\"leeftijdsindicatie\"><option value=\"\">&#8211; Bitte ausw\u00e4hlen &#8211;<\/option><option value=\"8-10 jahre\">8-10 jahre<\/option><option value=\"10-12 jahre\">10-12 jahre<\/option><\/select><\/span><\/label>\n\t<\/p>\n\t<p><label>Art des Kinderfahrrads<br \/>\n<span class=\"wpcf7-form-control-wrap\" data-name=\"soort_kinderfiets\"><select class=\"wpcf7-form-control wpcf7-select\" aria-invalid=\"false\" name=\"soort_kinderfiets\"><option value=\"\">&#8211; Bitte ausw\u00e4hlen &#8211;<\/option><option value=\"R\u00fcckpedalbremse\">R\u00fcckpedalbremse<\/option><option value=\"Gangschaltung\">Gangschaltung<\/option><\/select><\/span><\/label>\n\t<\/p>\n\t<p><strong>F\u00fcllen Sie unten nur die Fahrr\u00e4der f\u00fcr die Anleitung aus<\/strong>\n\t<\/p>\n<\/div>\n<div style=\"margin-top: 20px;\">\n\t<p>&nbsp;\n\t<\/p>\n<\/div>\n<div data-id=\"aantallen\" data-orig_data_id=\"aantallen\"  class=\"\" data-class=\"wpcf7cf_group\">\n\t<p><label> Anzahl der Teilnehmer<br \/>\n<span class=\"wpcf7-form-control-wrap\" data-name=\"aantal_deelnemers\"><input class=\"wpcf7-form-control wpcf7-number wpcf7-validates-as-required wpcf7-validates-as-number\" aria-required=\"true\" aria-invalid=\"false\" value=\"\" type=\"number\" name=\"aantal_deelnemers\" \/><\/span><\/label>\n\t<\/p>\n\t<p><label> Anzahl der M\u00e4nner<br \/>\n<span class=\"wpcf7-form-control-wrap\" data-name=\"aantal_heren\"><input class=\"wpcf7-form-control wpcf7-number wpcf7-validates-as-number\" aria-invalid=\"false\" value=\"\" type=\"number\" name=\"aantal_heren\" \/><\/span><\/label>\n\t<\/p>\n\t<p><label> Anzahl der Damen<br \/>\n<span class=\"wpcf7-form-control-wrap\" data-name=\"aantal_dames\"><input class=\"wpcf7-form-control wpcf7-number wpcf7-validates-as-number\" aria-invalid=\"false\" value=\"\" type=\"number\" name=\"aantal_dames\" \/><\/span><\/label>\n\t<\/p>\n<\/div>\n<p><label> Damenfahrrad mit R\u00fccktrittbremse<br \/>\n<span class=\"wpcf7-form-control-wrap\" data-name=\"dames_terugtraprem\"><input class=\"wpcf7-form-control wpcf7-number wpcf7-validates-as-number\" aria-invalid=\"false\" value=\"\" type=\"number\" name=\"dames_terugtraprem\" \/><\/span><\/label>\n<\/p>\n<p><label> Herrenfahrrad mit R\u00fccktrittbremse<br \/>\n<span class=\"wpcf7-form-control-wrap\" data-name=\"heren_terugtraprem\"><input class=\"wpcf7-form-control wpcf7-number wpcf7-validates-as-number\" aria-invalid=\"false\" value=\"\" type=\"number\" name=\"heren_terugtraprem\" \/><\/span><\/label>\n<\/p>\n<p><label> Damenfahrrad mit Gangschaltung<br \/>\n<span class=\"wpcf7-form-control-wrap\" data-name=\"dames_versnelling\"><input class=\"wpcf7-form-control wpcf7-number wpcf7-validates-as-number\" aria-invalid=\"false\" value=\"\" type=\"number\" name=\"dames_versnelling\" \/><\/span><\/label>\n<\/p>\n<p><label> Herrenfahrrad mit Gangschaltung<br \/>\n<span class=\"wpcf7-form-control-wrap\" data-name=\"heren_versnelling\"><input class=\"wpcf7-form-control wpcf7-number wpcf7-validates-as-number\" aria-invalid=\"false\" value=\"\" type=\"number\" name=\"heren_versnelling\" \/><\/span><\/label>\n<\/p>\n<div data-id=\"kinderfietsen\" data-orig_data_id=\"kinderfietsen\"  class=\"\" data-class=\"wpcf7cf_group\">\n\t<p><label> 22inch Jungenfahrrad<br \/>\n<span class=\"wpcf7-form-control-wrap\" data-name=\"tweetwee_jongens\"><input class=\"wpcf7-form-control wpcf7-number wpcf7-validates-as-number\" aria-invalid=\"false\" value=\"\" type=\"number\" name=\"tweetwee_jongens\" \/><\/span><\/label>\n\t<\/p>\n\t<p><label> 22inch M\u00e4dchenfahrrad<br \/>\n<span class=\"wpcf7-form-control-wrap\" data-name=\"tweetwee_meisjes\"><input class=\"wpcf7-form-control wpcf7-number wpcf7-validates-as-number\" aria-invalid=\"false\" value=\"\" type=\"number\" name=\"tweetwee_meisjes\" \/><\/span><\/label>\n\t<\/p>\n\t<p><label> 24inch Jungenfahrrad<br \/>\n<span class=\"wpcf7-form-control-wrap\" data-name=\"tweevier_jongens\"><input class=\"wpcf7-form-control wpcf7-number wpcf7-validates-as-number\" aria-invalid=\"false\" value=\"\" type=\"number\" name=\"tweevier_jongens\" \/><\/span><\/label>\n\t<\/p>\n\t<p><label> 24inch M\u00e4dchenfahrrad<br \/>\n<span class=\"wpcf7-form-control-wrap\" data-name=\"tweevier_meisjes\"><input class=\"wpcf7-form-control wpcf7-number wpcf7-validates-as-number\" aria-invalid=\"false\" value=\"\" type=\"number\" name=\"tweevier_meisjes\" \/><\/span><\/label>\n\t<\/p>\n<\/div>\n<p><label> Tandem<br \/>\n<span class=\"wpcf7-form-control-wrap\" data-name=\"tandem\"><input class=\"wpcf7-form-control wpcf7-number wpcf7-validates-as-number\" aria-invalid=\"false\" value=\"\" type=\"number\" name=\"tandem\" \/><\/span><\/label>\n<\/p>\n<p><label> Elektrisches Tandem<br \/>\n<span class=\"wpcf7-form-control-wrap\" data-name=\"elektrische_tandem\"><input class=\"wpcf7-form-control wpcf7-number wpcf7-validates-as-number\" aria-invalid=\"false\" value=\"\" type=\"number\" name=\"elektrische_tandem\" \/><\/span><\/label>\n<\/p>\n<p><label> Elektrisches Fahrrad<br \/>\n<span class=\"wpcf7-form-control-wrap\" data-name=\"elektrisch\"><input class=\"wpcf7-form-control wpcf7-number wpcf7-validates-as-number\" aria-invalid=\"false\" value=\"\" type=\"number\" name=\"elektrisch\" \/><\/span><\/label>\n<\/p>\n<p><label> Fahrradwagen<br \/>\n<span class=\"wpcf7-form-control-wrap\" data-name=\"aantal_deelnemers\"><input class=\"wpcf7-form-control wpcf7-number wpcf7-validates-as-number\" aria-invalid=\"false\" value=\"\" type=\"number\" name=\"aantal_deelnemers\" \/><\/span><\/label>\n<\/p>\n<p><label> Fahrradtasche<br \/>\n<span class=\"wpcf7-form-control-wrap\" data-name=\"aantal_deelnemers\"><input class=\"wpcf7-form-control wpcf7-number wpcf7-validates-as-number\" aria-invalid=\"false\" value=\"\" type=\"number\" name=\"aantal_deelnemers\" \/><\/span><\/label><br \/>\n<hr \/>\n<\/p>\n<p><label> Nachricht<br \/>\n<span class=\"wpcf7-form-control-wrap\" data-name=\"bericht\"><textarea cols=\"40\" rows=\"10\" maxlength=\"2000\" class=\"wpcf7-form-control wpcf7-textarea\" aria-invalid=\"false\" name=\"bericht\"><\/textarea><\/span> <\/label>\n<\/p>\n<p><input class=\"wpcf7-form-control wpcf7-submit has-spinner\" type=\"submit\" value=\"Senden\" \/>\n<\/p><div class=\"wpcf7-response-output\" aria-hidden=\"true\"><\/div>\n<\/form>\n<\/div>\n[\/vc_column_text][\/vc_column][\/vc_row]<\/p>\n","protected":false},"excerpt":{"rendered":"<p>[vc_row][vc_column][vc_column_text]F\u00fcr eine Gruppenreservierung f\u00fcllen Sie bitte dieses Formular so sorgf\u00e4ltig wie m\u00f6glich aus. Sie erhalten eine Best\u00e4tigung von uns \u00fcber dieses Formular. Wenn Sie Fragen oder Einzelheiten haben, f\u00fcllen Sie dies bitte in den Kommentaren aus. [\/vc_column_text][\/vc_column][\/vc_row]<\/p>\n","protected":false},"author":1,"featured_media":0,"parent":0,"menu_order":0,"comment_status":"closed","ping_status":"closed","template":"","meta":{"footnotes":""},"class_list":["post-4574","page","type-page","status-publish","hentry"],"_links":{"self":[{"href":"https:\/\/fietsenverhuurschiermonnikoog.com\/de\/wp-json\/wp\/v2\/pages\/4574","targetHints":{"allow":["GET"]}}],"collection":[{"href":"https:\/\/fietsenverhuurschiermonnikoog.com\/de\/wp-json\/wp\/v2\/pages"}],"about":[{"href":"https:\/\/fietsenverhuurschiermonnikoog.com\/de\/wp-json\/wp\/v2\/types\/page"}],"author":[{"embeddable":true,"href":"https:\/\/fietsenverhuurschiermonnikoog.com\/de\/wp-json\/wp\/v2\/users\/1"}],"replies":[{"embeddable":true,"href":"https:\/\/fietsenverhuurschiermonnikoog.com\/de\/wp-json\/wp\/v2\/comments?post=4574"}],"version-history":[{"count":0,"href":"https:\/\/fietsenverhuurschiermonnikoog.com\/de\/wp-json\/wp\/v2\/pages\/4574\/revisions"}],"wp:attachment":[{"href":"https:\/\/fietsenverhuurschiermonnikoog.com\/de\/wp-json\/wp\/v2\/media?parent=4574"}],"curies":[{"name":"wp","href":"https:\/\/api.w.org\/{rel}","templated":true}]}}