{"id":4580,"date":"2022-09-07T12:56:16","date_gmt":"2022-09-07T12:56:16","guid":{"rendered":"https:\/\/fietsenverhuurschiermonnikoog.com\/werkstatt\/"},"modified":"2023-03-17T13:29:56","modified_gmt":"2023-03-17T13:29:56","slug":"werkstatt","status":"publish","type":"page","link":"https:\/\/fietsenverhuurschiermonnikoog.com\/de\/info\/werkstatt\/","title":{"rendered":"Werkstatt"},"content":{"rendered":"<p>[vc_row][vc_column][vc_column_text]<\/p>\n<h4>Werkstatt Soepboer<\/h4>\n<p>Soepboers Werkstatt befindet sich im zentralen Dorf.<br \/>\nDer Workshop befindet sich am Standort Soepboer am Paaslandweg 6 in Schiermonnikoog.<\/p>\n<h4>\u00d6ffnungszeiten<\/h4>\n<p>Wir haben jeden Tag des Jahres ge\u00f6ffnet.<\/p>\n<p>Ge\u00f6ffnet von 09:00 bis 12:00 Uhr<br \/>\nGeschlossen von 12:00 bis 13:00 Uhr<br \/>\nGe\u00f6ffnet von 13:00 bis 18:00 Uhr<\/p>\n<h4>Kontaktieren Sie den Werkstatt<\/h4>\n<p>Sie k\u00f6nnen uns sowohl telefonisch als auch per E-Mail erreichen.<br \/>\nUm uns zu kontaktieren, k\u00f6nnen Sie uns unter 0519-235024 erreichen, oder Sie k\u00f6nnen eine E-Mail senden.[\/vc_column_text][\/vc_column][\/vc_row]<\/p>\n","protected":false},"excerpt":{"rendered":"<p>[vc_row][vc_column][vc_column_text] Werkstatt Soepboer Soepboers Werkstatt befindet sich im zentralen Dorf. Der Workshop befindet sich am Standort Soepboer am Paaslandweg 6 in Schiermonnikoog. \u00d6ffnungszeiten Wir haben jeden Tag des Jahres ge\u00f6ffnet. Ge\u00f6ffnet von 09:00 bis 12:00 Uhr Geschlossen von 12:00 bis 13:00 Uhr Ge\u00f6ffnet von 13:00 bis 18:00 Uhr Kontaktieren Sie den Werkstatt Sie k\u00f6nnen uns &hellip; <a href=\"https:\/\/fietsenverhuurschiermonnikoog.com\/de\/info\/werkstatt\/\" class=\"more-link\">Continue reading <span class=\"screen-reader-text\">Werkstatt<\/span><\/a><\/p>\n","protected":false},"author":1,"featured_media":0,"parent":4584,"menu_order":0,"comment_status":"closed","ping_status":"closed","template":"","meta":{"footnotes":""},"class_list":["post-4580","page","type-page","status-publish","hentry"],"_links":{"self":[{"href":"https:\/\/fietsenverhuurschiermonnikoog.com\/de\/wp-json\/wp\/v2\/pages\/4580","targetHints":{"allow":["GET"]}}],"collection":[{"href":"https:\/\/fietsenverhuurschiermonnikoog.com\/de\/wp-json\/wp\/v2\/pages"}],"about":[{"href":"https:\/\/fietsenverhuurschiermonnikoog.com\/de\/wp-json\/wp\/v2\/types\/page"}],"author":[{"embeddable":true,"href":"https:\/\/fietsenverhuurschiermonnikoog.com\/de\/wp-json\/wp\/v2\/users\/1"}],"replies":[{"embeddable":true,"href":"https:\/\/fietsenverhuurschiermonnikoog.com\/de\/wp-json\/wp\/v2\/comments?post=4580"}],"version-history":[{"count":0,"href":"https:\/\/fietsenverhuurschiermonnikoog.com\/de\/wp-json\/wp\/v2\/pages\/4580\/revisions"}],"up":[{"embeddable":true,"href":"https:\/\/fietsenverhuurschiermonnikoog.com\/de\/wp-json\/wp\/v2\/pages\/4584"}],"wp:attachment":[{"href":"https:\/\/fietsenverhuurschiermonnikoog.com\/de\/wp-json\/wp\/v2\/media?parent=4580"}],"curies":[{"name":"wp","href":"https:\/\/api.w.org\/{rel}","templated":true}]}}