{"id":4585,"date":"2022-09-07T14:01:00","date_gmt":"2022-09-07T14:01:00","guid":{"rendered":"https:\/\/fietsenverhuurschiermonnikoog.com\/info\/mechaniker-gesucht\/"},"modified":"2024-05-30T11:27:50","modified_gmt":"2024-05-30T11:27:50","slug":"mechaniker-gesucht","status":"publish","type":"page","link":"https:\/\/fietsenverhuurschiermonnikoog.com\/de\/info\/mechaniker-gesucht\/","title":{"rendered":"Stellenangebote"},"content":{"rendered":"<p>[vc_row][vc_column width=&#8220;2\/3&#8243;][vc_column_text]<\/p>\n<h1>Arbeiten Sie diesen Sommer auf einer Insel?<\/h1>\n<p>Kommen Sie und arbeiten Sie in einem der lustigsten und gem\u00fctlichsten Familienunternehmen auf Schiermonnikoog! Die Fahrradvermietung Soepboer ist der richtige Ort.<\/p>\n<h2>Mitarbeiter f\u00fcr Fahrradverleih auf Schiermonnikoog<br \/>\n(Inkl. Unterkunft)<\/h2>\n<p>Magst du es definitiv nicht, den gleichen Tag zu Tag zu machen? Dann ist das genau der Job f\u00fcr dich! Als Allround-Mitarbeiter f\u00fcr die Fahrradvermietung werden Sie sich bei Fietsverhuur Soepboer nicht so schnell langweilen.<\/p>\n<ul>\n<li>40 Stunden pro Woche<\/li>\n<li>Startfunktion (wenig Erfahrung)<\/li>\n<li>Technische Erfahrung ist nicht erforderlich. Wir k\u00f6nnen Ihnen alles beibringen.<\/li>\n<\/ul>\n<h2>Inhalt der Funktion<\/h2>\n<p>Sorgloses Radfahren auf Schiermonnikoog, daf\u00fcr tun wir es. Ihre Hilfe als Fahrradvermieter ist in unserem Service unverzichtbar!<\/p>\n<p>Zwischen der Ankunft und Abreise der F\u00e4hren sorgen Sie mit dem Team daf\u00fcr, dass die Reservierungen f\u00fcr Fahrr\u00e4der und Zubeh\u00f6r den ganzen Tag \u00fcber p\u00fcnktlich in den verschiedenen Filialen bearbeitet und vorbereitet werden.<\/p>\n<p>Die zur\u00fcckgegebenen Fahrr\u00e4der werden gereinigt, inspiziert und f\u00fcr die Vermietung vorbereitet. Sch\u00e4den oder M\u00e4ngel werden von unseren Fahrradmechanikern schnell und kompetent behoben.<\/p>\n<h2>Was wir von Ihnen erwarten<\/h2>\n<p>Von unserem Allround-Mitarbeiter erwarten wir, dass Sie gut im Team arbeiten k\u00f6nnen und kundenfreundlich und stressresistent sind.<\/p>\n<p>Sie arbeiten sorgf\u00e4ltig und pr\u00e4zise, damit alle administrativen Vorg\u00e4nge, die zu Ihren Aufgaben geh\u00f6ren, korrekt ausgef\u00fchrt werden.<\/p>\n<p>Wenn Sie im Besitz eines F\u00fchrerscheins B oder BE sind, k\u00f6nnen Sie auch f\u00fcr den Transport und die Lieferung von Fahrr\u00e4dern und Gep\u00e4ck eingesetzt werden.<\/p>\n<h2>Was wir Ihnen bieten<\/h2>\n<p>Wir bieten Ihnen einen abwechslungsreichen Job in einem modernen Unternehmen! Sie beginnen den Tag in der Hauptniederlassung, vermieten aber tags\u00fcber Fahrr\u00e4der an mehreren Standorten. Als Allround-Mitarbeiter erhalten Sie ein gutes Gehalt, das auf Ihrem Alter, Ihrem Wissen und Ihrer Erfahrung basiert.<\/p>\n<p>Sie haben keine eigene Unterkunft in Schiermonnikoog, m\u00f6chten aber bei uns arbeiten? Kein Problem, wir haben Wohnraum!<\/p>\n<h2>Wer wir sind<\/h2>\n<p><img loading=\"lazy\" decoding=\"async\" class=\"size-medium wp-image-4830 alignleft\" src=\"https:\/\/fietsenverhuurschiermonnikoog.com\/wp-content\/uploads\/2024\/05\/groepsfoto-2024-300x225.jpg\" alt=\"\" width=\"300\" height=\"225\" srcset=\"https:\/\/fietsenverhuurschiermonnikoog.com\/wp-content\/uploads\/2024\/05\/groepsfoto-2024-300x225.jpg 300w, https:\/\/fietsenverhuurschiermonnikoog.com\/wp-content\/uploads\/2024\/05\/groepsfoto-2024-1024x768.jpg 1024w, https:\/\/fietsenverhuurschiermonnikoog.com\/wp-content\/uploads\/2024\/05\/groepsfoto-2024-768x576.jpg 768w, https:\/\/fietsenverhuurschiermonnikoog.com\/wp-content\/uploads\/2024\/05\/groepsfoto-2024-1536x1152.jpg 1536w, https:\/\/fietsenverhuurschiermonnikoog.com\/wp-content\/uploads\/2024\/05\/groepsfoto-2024-800x600.jpg 800w, https:\/\/fietsenverhuurschiermonnikoog.com\/wp-content\/uploads\/2024\/05\/groepsfoto-2024.jpg 2016w\" sizes=\"auto, (max-width: 300px) 100vw, 300px\" \/>Die Fahrradvermietung Soepboer befindet sich auf der sch\u00f6nsten Watteninsel Schiermonnikoog. Als Familienunternehmen sind wir seit mehr als 70 Jahren eine bekannte Adresse f\u00fcr Touristen. Was einst mit der Vermietung einiger Fahrr\u00e4der im Garten begann, hat sich jetzt zu einem der gr\u00f6\u00dften Fahrradverleihunternehmen in den Niederlanden entwickelt. Fahrradverleih Suppenbauer besteht aus 3 Zweigen, die \u00fcber die Insel verteilt sind. Sie werden in einem engen Team auf einer gem\u00fctlichen und sch\u00f6nen Insel arbeiten! Ein Ort, an dem Sie sowohl Frieden als auch Geselligkeit finden k\u00f6nnen.<\/p>\n<p>F\u00fcr Fragen, Informationen oder eine Bewerbung wenden Sie sich bitte an Eelco Broekstra oder Evert-Jan Soepboer. Telefonisch unter <strong>0519-531636<\/strong> und per E-Mail: <strong>info@schierfiets.nl&amp;nbsp;<\/strong>&amp;nbsp;[\/vc_column_text][vc_column_text]<\/p>\n<hr>\n<h2>Funktion Fahrradmechaniker<\/h2>\n<p>Wir suchen einen unabh\u00e4ngigen, motivierten Fahrradmechaniker (oder Automechaniker, der m\u00f6glicherweise intern als Fahrradmechaniker umgeschult werden m\u00f6chte).<\/p>\n<p>Sind Sie Mechaniker und offen f\u00fcr eine neue Herausforderung? Dann suchen wir Sie sofort!<\/p>\n<p>Als Fahrradmechaniker sind Sie in erster Linie f\u00fcr Reparaturen verantwortlich. Sie tragen zu der gesamten umgebenden Technologie bei, um sicherzustellen, dass unsere Kunden sicher und ohne Probleme Kilometer fahren k\u00f6nnen. Bei Bedarf helfen Sie bei der Vermietung und beim Einkaufen mit dem Verkauf und der Vermietung von Fahrr\u00e4dern und Zubeh\u00f6r. Dar\u00fcber hinaus sind Sie ein echter Teamplayer, der zusammen mit seinen Kollegen die Qualit\u00e4t und Zuverl\u00e4ssigkeit garantiert, die zu unserem Unternehmen passt.<\/p>\n<h3>Jobanforderungen<\/h3>\n<ul>\n<li>Mindestens 2 Jahre Berufserfahrung als Fahrradmechaniker oder Automechaniker<\/li>\n<li>Freundliche und serviceorientierte Einstellung<\/li>\n<li>Fokus auf Service, Effizienz und Qualit\u00e4t<\/li>\n<li>Affinit\u00e4t mit Technik ist erforderlich<\/li>\n<li>Flexible Betriebszeit<\/li>\n<\/ul>\n<h3>Funktionsinhalt<\/h3>\n<p>Magst du es definitiv nicht, den gleichen Tag zu Tag zu machen? Dann ist das genau der Job f\u00fcr dich! In dieser sehr abwechslungsreichen Position sorgen Sie f\u00fcr einen schnellen und kontinuierlichen Logistikprozess des Fahrradverleihs Soepboer auf der sch\u00f6nen Insel Schiermonnikoog.<\/p>\n<p><strong>Was wir von Ihnen erwarten<\/strong><\/p>\n<p>Wir suchen einen fr\u00f6hlichen und flei\u00dfigen Arbeiter, der einen \u00dcberblick \u00fcber verschiedene Logistikprozesse beh\u00e4lt. Reservierungen m\u00fcssen zur richtigen Zeit am richtigen Ort sein, Pannen werden schnell abgewickelt, Kunden k\u00f6nnen die Insel leicht mit einem L\u00e4cheln mit dem Fahrrad erkunden, die E-Mail antwortet schnell und hilfreich. Sie arbeiten gerne in einem Team und verwalten Kollegen, wo dies erforderlich ist. Sie denken nicht in Problemen, sondern in M\u00f6glichkeiten und L\u00f6sungen.<\/p>\n<h3>Was wir Ihnen anbieten und wer wir sind<\/h3>\n<p><em>Wir sind &#8222;bicycle rental Soup Farmer&#8220;, ein Familienunternehmen, das 1960 gegr\u00fcndet wurde.<\/em><\/p>\n<p>Was einst mit der Vermietung einiger Fahrr\u00e4der im Garten begann, hat sich jetzt zu einem der gr\u00f6\u00dften Fahrradverleihunternehmen in den Niederlanden entwickelt. Fahrradverleih Suppenbauer besteht aus 3 Zweigen, die \u00fcber die Insel verteilt sind. Sie werden in einem engen Team auf einer gem\u00fctlichen und sch\u00f6nen Insel arbeiten! Die Insel Schiermonnikoog wurde 2006 sogar zum sch\u00f6nsten Ort der Niederlande gew\u00e4hlt! Wir bieten eine Vollzeitarbeitswoche in einer unterhaltsamen Arbeitsumgebung auf einer sch\u00f6nen Insel an! Ein Ort, an dem Sie sowohl Frieden als auch Geselligkeit finden k\u00f6nnen. F\u00fcr eine faire Geb\u00fchr finden Sie Ihr Zuhause in einer gepflegten Zwei-Zimmer-Wohnung. Wenn Sie mehr \u00fcber unser Unternehmen, unsere offenen Stellen oder das Arbeiten und Leben auf unserer sch\u00f6nen Insel erfahren m\u00f6chten, kontaktieren Sie uns bitte!<\/p>\n<h3>Anwendungsinformationen<\/h3>\n<p>Sind Sie die Person, die wir suchen, und arbeiten und leben Sie gerne auf Schiermonnikoog?<\/p>\n<p>Dann w\u00fcrden wir sehr gerne Ihr Anschreiben mit Lebenslauf per E-Mail erhalten: <strong>info@schierfiets.nl<\/strong><\/p>\n<p>F\u00fcr weitere Informationen wenden Sie sich bitte w\u00e4hrend der B\u00fcrozeiten an Evert-Jan Soepboer; Tel. 0519 531 636[\/vc_column_text][\/vc_column][vc_column width=&#8220;1\/3&#8243;][vc_single_image image=&#8220;4824&#8243; img_size=&#8220;medium&#8220;][vc_single_image image=&#8220;4829&#8243; img_size=&#8220;medium&#8220;][vc_single_image image=&#8220;4835&#8243; img_size=&#8220;medium&#8220;][vc_single_image image=&#8220;4838&#8243; img_size=&#8220;medium&#8220;][\/vc_column][\/vc_row]<\/p>\n","protected":false},"excerpt":{"rendered":"<p>[vc_row][vc_column width=&#8220;2\/3&#8243;][vc_column_text] Arbeiten Sie diesen Sommer auf einer Insel? Kommen Sie und arbeiten Sie in einem der lustigsten und gem\u00fctlichsten Familienunternehmen auf Schiermonnikoog! Die Fahrradvermietung Soepboer ist der richtige Ort. Mitarbeiter f\u00fcr Fahrradverleih auf Schiermonnikoog (Inkl. Unterkunft) Magst du es definitiv nicht, den gleichen Tag zu Tag zu machen? Dann ist das genau der Job &hellip; <a href=\"https:\/\/fietsenverhuurschiermonnikoog.com\/de\/info\/mechaniker-gesucht\/\" class=\"more-link\">Continue reading <span class=\"screen-reader-text\">Stellenangebote<\/span><\/a><\/p>\n","protected":false},"author":1,"featured_media":0,"parent":4584,"menu_order":0,"comment_status":"closed","ping_status":"closed","template":"","meta":{"footnotes":""},"class_list":["post-4585","page","type-page","status-publish","hentry"],"_links":{"self":[{"href":"https:\/\/fietsenverhuurschiermonnikoog.com\/de\/wp-json\/wp\/v2\/pages\/4585","targetHints":{"allow":["GET"]}}],"collection":[{"href":"https:\/\/fietsenverhuurschiermonnikoog.com\/de\/wp-json\/wp\/v2\/pages"}],"about":[{"href":"https:\/\/fietsenverhuurschiermonnikoog.com\/de\/wp-json\/wp\/v2\/types\/page"}],"author":[{"embeddable":true,"href":"https:\/\/fietsenverhuurschiermonnikoog.com\/de\/wp-json\/wp\/v2\/users\/1"}],"replies":[{"embeddable":true,"href":"https:\/\/fietsenverhuurschiermonnikoog.com\/de\/wp-json\/wp\/v2\/comments?post=4585"}],"version-history":[{"count":0,"href":"https:\/\/fietsenverhuurschiermonnikoog.com\/de\/wp-json\/wp\/v2\/pages\/4585\/revisions"}],"up":[{"embeddable":true,"href":"https:\/\/fietsenverhuurschiermonnikoog.com\/de\/wp-json\/wp\/v2\/pages\/4584"}],"wp:attachment":[{"href":"https:\/\/fietsenverhuurschiermonnikoog.com\/de\/wp-json\/wp\/v2\/media?parent=4585"}],"curies":[{"name":"wp","href":"https:\/\/api.w.org\/{rel}","templated":true}]}}