{"id":4589,"date":"2022-09-07T15:11:33","date_gmt":"2022-09-07T15:11:33","guid":{"rendered":"https:\/\/fietsenverhuurschiermonnikoog.com\/info\/mietbedingungen\/"},"modified":"2023-03-17T14:06:54","modified_gmt":"2023-03-17T14:06:54","slug":"mietbedingungen","status":"publish","type":"page","link":"https:\/\/fietsenverhuurschiermonnikoog.com\/de\/info\/mietbedingungen\/","title":{"rendered":"Mietbedingungen"},"content":{"rendered":"<p>[vc_row][vc_column][vc_column_text]Die Anmietung eines Fahrrads unterliegt den vom Bovag (Version Juli-2017) erstellten Mietbedingungen sowie den zus\u00e4tzlichen Bedingungen des Vermieters. Die Vollversion ist hier erh\u00e4ltlich und wird auf Anfrage in der Hauptniederlassung am Paaslandweg 1 zur Verf\u00fcgung gestellt.<\/p>\n<p><strong>Kurz die geltenden Bedingungen und zus\u00e4tzlichen Bedingungen:<\/strong><\/p>\n<ul>\n<li>Der Vermieter ist Rijwielverhuur Soepboer, befindet sich am Paaslandweg 1, 9166 PV Schiermonnikoog. Telefonnummer 0519-531636. T\u00e4glich von 8 bis 18 Uhr ge\u00f6ffnet.<\/li>\n<li>Der Mieter haftet f\u00fcr die gemietete Immobilie (f\u00fcr Gruppen der Hauptmieter)<\/li>\n<li>Der Mieter ist verpflichtet, Sch\u00e4den und\/oder Verluste so schnell wie m\u00f6glich dem Vermieter zu melden (10.1 und 14.5)<\/li>\n<li>Die gemietete Immobilie darf nicht au\u00dferhalb der ausgewiesenen Stra\u00dfen und Wege (9.1) genutzt werden. (Also d\u00fcrfen die Fahrr\u00e4der auch NICHT an den Strand gehen).<\/li>\n<li>Elektrofahrr\u00e4der d\u00fcrfen nicht \u00fcber die Holzbr\u00fccken im Salzwiesengebiet radeln, steigen Sie vor den Br\u00fccken aus!<\/li>\n<li>Die gemietete Immobilie muss an die Filiale zur\u00fcckgegeben werden, in der sie vermietet wurde (6.1)<\/li>\n<li>Das gemietete Grundst\u00fcck darf die Insel nicht verlassen.<\/li>\n<li>Es ist verboten, Menschen mitzunehmen (nur in Kindersitzen) (9.3)<\/li>\n<li>Es ist nicht erlaubt, \u00c4nderungen am Fahrrad vorzunehmen (das Anbringen Ihres eigenen Fahrradanh\u00e4ngers selbst ist ebenfalls nicht erlaubt) (9.2)<\/li>\n<li>Es ist nicht gestattet, Reparaturen an der gemieteten Immobilie ohne die Erlaubnis des Vermieters durchzuf\u00fchren (14.2)<\/li>\n<li>Der Mieter ist verpflichtet, sich gut um das Fahrrad zu k\u00fcmmern (9);<\/li>\n<li>Das Fahrrad muss gesperrt sein (9.1)<\/li>\n<li>Das Elektrofahrrad muss gem\u00e4\u00df den Anweisungen aufgeladen werden<\/li>\n<li>Der Mieter muss die Schl\u00fcssel des Fahrrads ordentlich handhaben (9.9)<\/li>\n<li>Der Mieter muss das Gep\u00e4ck korrekt best\u00e4tigen (9.3)<\/li>\n<li>Der Mieter muss sicherstellen, dass das Fahrrad nicht von jemandem benutzt wird, der dazu nicht in der Lage ist.<\/li>\n<li>Der Selbstbehalt betr\u00e4gt maximal 150 pro Fahrrad und 300 pro Elektrofahrrad, sofern die Mietbedingungen eingehalten wurden (12.1). Dieser Selbstbehalt kann nicht abgekauft werden.<\/li>\n<li>Die Zahlung erfolgt vor der Mietzeit, sofern nicht anders vereinbart (mit Genehmigung des Vermieters). Im letzteren Fall muss die Zahlung innerhalb von 14 Tagen erfolgen.<\/li>\n<li>Der Vermieter beh\u00e4lt sich das Recht vor, eine Kaution zu erheben (8.1)<\/li>\n<li>Die vorzeitige R\u00fcckgabe der gemieteten Immobilie berechtigt Sie nicht zu einer R\u00fcckerstattung<\/li>\n<\/ul>\n<p><em>Der Vermieter beh\u00e4lt sich das Recht vor, das Fahrrad bei Nichteinhaltung dieser Mietbedingungen ohne das Recht auf R\u00fcckerstattung der Miete mitzunehmen.<\/em><br \/>\n[\/vc_column_text][\/vc_column][\/vc_row]<\/p>\n","protected":false},"excerpt":{"rendered":"<p>[vc_row][vc_column][vc_column_text]Die Anmietung eines Fahrrads unterliegt den vom Bovag (Version Juli-2017) erstellten Mietbedingungen sowie den zus\u00e4tzlichen Bedingungen des Vermieters. Die Vollversion ist hier erh\u00e4ltlich und wird auf Anfrage in der Hauptniederlassung am Paaslandweg 1 zur Verf\u00fcgung gestellt. Kurz die geltenden Bedingungen und zus\u00e4tzlichen Bedingungen: Der Vermieter ist Rijwielverhuur Soepboer, befindet sich am Paaslandweg 1, 9166 PV &hellip; <a href=\"https:\/\/fietsenverhuurschiermonnikoog.com\/de\/info\/mietbedingungen\/\" class=\"more-link\">Continue reading <span class=\"screen-reader-text\">Mietbedingungen<\/span><\/a><\/p>\n","protected":false},"author":1,"featured_media":0,"parent":4584,"menu_order":0,"comment_status":"closed","ping_status":"closed","template":"","meta":{"footnotes":""},"class_list":["post-4589","page","type-page","status-publish","hentry"],"_links":{"self":[{"href":"https:\/\/fietsenverhuurschiermonnikoog.com\/de\/wp-json\/wp\/v2\/pages\/4589","targetHints":{"allow":["GET"]}}],"collection":[{"href":"https:\/\/fietsenverhuurschiermonnikoog.com\/de\/wp-json\/wp\/v2\/pages"}],"about":[{"href":"https:\/\/fietsenverhuurschiermonnikoog.com\/de\/wp-json\/wp\/v2\/types\/page"}],"author":[{"embeddable":true,"href":"https:\/\/fietsenverhuurschiermonnikoog.com\/de\/wp-json\/wp\/v2\/users\/1"}],"replies":[{"embeddable":true,"href":"https:\/\/fietsenverhuurschiermonnikoog.com\/de\/wp-json\/wp\/v2\/comments?post=4589"}],"version-history":[{"count":0,"href":"https:\/\/fietsenverhuurschiermonnikoog.com\/de\/wp-json\/wp\/v2\/pages\/4589\/revisions"}],"up":[{"embeddable":true,"href":"https:\/\/fietsenverhuurschiermonnikoog.com\/de\/wp-json\/wp\/v2\/pages\/4584"}],"wp:attachment":[{"href":"https:\/\/fietsenverhuurschiermonnikoog.com\/de\/wp-json\/wp\/v2\/media?parent=4589"}],"curies":[{"name":"wp","href":"https:\/\/api.w.org\/{rel}","templated":true}]}}