{"id":4600,"date":"2022-09-08T15:47:32","date_gmt":"2022-09-08T15:47:32","guid":{"rendered":"https:\/\/fietsenverhuurschiermonnikoog.com\/info\/fahrradgroessen\/"},"modified":"2023-03-17T14:27:57","modified_gmt":"2023-03-17T14:27:57","slug":"fahrradgroessen","status":"publish","type":"page","link":"https:\/\/fietsenverhuurschiermonnikoog.com\/de\/info\/fahrradgroessen\/","title":{"rendered":"Fahrradgr\u00f6\u00dfen"},"content":{"rendered":"<p>[vc_row][vc_column][vc_column_text]<\/p>\n<section id=\"team\" class=\"team \">\n<div class=\"container\">\n<div class=\"row\">\n<div class=\"col-lg-6\">\n<div class=\"member d-flex align-items-start\">\n<div class=\"pic\">\n<p><img loading=\"lazy\" decoding=\"async\" class=\"aligncenter wp-image-3360 size-medium\" src=\"https:\/\/fietsenverhuurschiermonnikoog.com\/wp-content\/uploads\/2022\/09\/dluxe-300x200.png\" alt=\"Damenfahrrad\" width=\"300\" height=\"200\" srcset=\"https:\/\/fietsenverhuurschiermonnikoog.com\/wp-content\/uploads\/2022\/09\/dluxe-300x200.png 300w, https:\/\/fietsenverhuurschiermonnikoog.com\/wp-content\/uploads\/2022\/09\/dluxe-768x512.png 768w, https:\/\/fietsenverhuurschiermonnikoog.com\/wp-content\/uploads\/2022\/09\/dluxe.png 864w\" sizes=\"auto, (max-width: 300px) 100vw, 300px\" \/><\/p>\n<\/div>\n<div class=\"member-info\">\n<h4>Damenfahrrad<\/h4>\n<table border=\"1\" width=\"200\" cellspacing=\"1\" cellpadding=\"15\" bgcolor=\"white\">\n<tbody>\n<tr>\n<td>Gr\u00f6\u00dfe<\/td>\n<td>Rahmenh\u00f6he<\/td>\n<td>K\u00f6rperl\u00e4nge<\/td>\n<\/tr>\n<tr>\n<td>S<\/td>\n<td><center>44<\/center><\/td>\n<td>150-160 cm<\/td>\n<\/tr>\n<tr>\n<td>M<\/td>\n<td><center>53<\/center><\/td>\n<td>150-175 cm<\/td>\n<\/tr>\n<tr>\n<td>L<\/td>\n<td><center>57<\/center><\/td>\n<td>175-180 cm<\/td>\n<\/tr>\n<\/tbody>\n<\/table>\n<\/div>\n<\/div>\n<\/div>\n<div class=\"col-lg-6\">\n<div class=\"member d-flex align-items-start\">\n<div class=\"pic\"><img loading=\"lazy\" decoding=\"async\" class=\"aligncenter wp-image-3362 size-medium\" src=\"https:\/\/fietsenverhuurschiermonnikoog.com\/wp-content\/uploads\/2022\/09\/hluxe-300x200.png\" alt=\"\" width=\"300\" height=\"200\" srcset=\"https:\/\/fietsenverhuurschiermonnikoog.com\/wp-content\/uploads\/2022\/09\/hluxe-300x200.png 300w, https:\/\/fietsenverhuurschiermonnikoog.com\/wp-content\/uploads\/2022\/09\/hluxe-768x512.png 768w, https:\/\/fietsenverhuurschiermonnikoog.com\/wp-content\/uploads\/2022\/09\/hluxe.png 864w\" sizes=\"auto, (max-width: 300px) 100vw, 300px\" \/><\/div>\n<div class=\"member-info\">\n<h4>Herrenfahrrad<\/h4>\n<table border=\"1\" width=\"200\" cellspacing=\"1\" cellpadding=\"15\" bgcolor=\"white\">\n<tbody>\n<tr>\n<td>Gr\u00f6\u00dfe<\/td>\n<td>Rahmenh\u00f6he<\/td>\n<td>K\u00f6rperl\u00e4nge<\/td>\n<\/tr>\n<tr>\n<td>S<\/td>\n<td><center>53<\/center><\/td>\n<td>160-175 cm<\/td>\n<\/tr>\n<tr>\n<td>M<\/td>\n<td><center>57<\/center><\/td>\n<td>175-180 cm<\/td>\n<\/tr>\n<tr>\n<td>L<\/td>\n<td><center>61<\/center><\/td>\n<td>180-190 cm<\/td>\n<\/tr>\n<\/tbody>\n<\/table>\n<\/div>\n<\/div>\n<\/div>\n<div class=\"col-lg-6\">\n<div class=\"member d-flex align-items-start\">\n<div class=\"pic\"><img loading=\"lazy\" decoding=\"async\" class=\"aligncenter wp-image-3364 size-medium\" src=\"https:\/\/fietsenverhuurschiermonnikoog.com\/wp-content\/uploads\/2022\/09\/elek-300x200.png\" alt=\"\" width=\"300\" height=\"200\" srcset=\"https:\/\/fietsenverhuurschiermonnikoog.com\/wp-content\/uploads\/2022\/09\/elek-300x200.png 300w, https:\/\/fietsenverhuurschiermonnikoog.com\/wp-content\/uploads\/2022\/09\/elek-768x512.png 768w, https:\/\/fietsenverhuurschiermonnikoog.com\/wp-content\/uploads\/2022\/09\/elek.png 864w\" sizes=\"auto, (max-width: 300px) 100vw, 300px\" \/><\/div>\n<div class=\"member-info\">\n<h4>Elektrofahrrad<\/h4>\n<table border=\"1\" width=\"200\" cellspacing=\"1\" cellpadding=\"15\" bgcolor=\"white\">\n<tbody>\n<tr>\n<td>Gr\u00f6\u00dfe<\/td>\n<td>Rahmenh\u00f6he<\/td>\n<td>K\u00f6rperl\u00e4nge<\/td>\n<\/tr>\n<tr>\n<td>S<\/td>\n<td><center>48<\/center><\/td>\n<td>150-160 cm<\/td>\n<\/tr>\n<tr>\n<td>M<\/td>\n<td><center>53<\/center><\/td>\n<td>160-180 cm<\/td>\n<\/tr>\n<tr>\n<td>L<\/td>\n<td><center>57<\/center><\/td>\n<td>175-180 cm<\/td>\n<\/tr>\n<\/tbody>\n<\/table>\n<\/div>\n<\/div>\n<\/div>\n<div class=\"col-lg-6\">\n<div class=\"member d-flex align-items-start\">\n<div class=\"pic\"><img loading=\"lazy\" decoding=\"async\" class=\"aligncenter wp-image-3365 size-medium\" src=\"https:\/\/fietsenverhuurschiermonnikoog.com\/wp-content\/uploads\/2022\/09\/mbv-300x200.png\" alt=\"\" width=\"300\" height=\"200\" srcset=\"https:\/\/fietsenverhuurschiermonnikoog.com\/wp-content\/uploads\/2022\/09\/mbv-300x200.png 300w, https:\/\/fietsenverhuurschiermonnikoog.com\/wp-content\/uploads\/2022\/09\/mbv-768x512.png 768w, https:\/\/fietsenverhuurschiermonnikoog.com\/wp-content\/uploads\/2022\/09\/mbv.png 864w\" sizes=\"auto, (max-width: 300px) 100vw, 300px\" \/><\/div>\n<div class=\"member-info\">\n<h4>Mountainbike<\/h4>\n<table border=\"1\" width=\"200\" cellspacing=\"1\" cellpadding=\"15\" bgcolor=\"white\">\n<tbody>\n<tr>\n<td>Gr\u00f6\u00dfe<\/td>\n<td>Rahmenh\u00f6he<\/td>\n<td>K\u00f6rperl\u00e4nge<\/td>\n<\/tr>\n<tr>\n<td>S<\/td>\n<td><center>40<\/center><\/td>\n<td>160-170 cm<\/td>\n<\/tr>\n<tr>\n<td>M<\/td>\n<td><center>44<\/center><\/td>\n<td>170-180 cm<\/td>\n<\/tr>\n<tr>\n<td>L<\/td>\n<td><center>49<\/center><\/td>\n<td>180-190 cm<\/td>\n<\/tr>\n<tr>\n<td>XL<\/td>\n<td><center>54<\/center><\/td>\n<td>190-200 cm<\/td>\n<\/tr>\n<\/tbody>\n<\/table>\n<\/div>\n<\/div>\n<\/div>\n<div class=\"col-lg-6\">\n<div class=\"member d-flex align-items-start\">\n<div class=\"pic\"><img loading=\"lazy\" decoding=\"async\" class=\"aligncenter wp-image-3366 size-medium\" src=\"https:\/\/fietsenverhuurschiermonnikoog.com\/wp-content\/uploads\/2022\/09\/mbk-300x200.png\" alt=\"\" width=\"300\" height=\"200\" srcset=\"https:\/\/fietsenverhuurschiermonnikoog.com\/wp-content\/uploads\/2022\/09\/mbk-300x200.png 300w, https:\/\/fietsenverhuurschiermonnikoog.com\/wp-content\/uploads\/2022\/09\/mbk-768x512.png 768w, https:\/\/fietsenverhuurschiermonnikoog.com\/wp-content\/uploads\/2022\/09\/mbk.png 864w\" sizes=\"auto, (max-width: 300px) 100vw, 300px\" \/><\/div>\n<div class=\"member-info\">\n<h4>Mountainbike (Kinder)<\/h4>\n<table border=\"1\" width=\"400\" cellspacing=\"1\" cellpadding=\"15\" bgcolor=\"white\">\n<tbody>\n<tr>\n<td>Gr\u00f6\u00dfe<\/td>\n<td>Rahmenh\u00f6he<\/td>\n<td>K\u00f6rperl\u00e4nge<\/td>\n<\/tr>\n<tr>\n<td>20 inch<\/td>\n<td>7-8 Jahr<\/td>\n<td>115-125 cm<\/td>\n<\/tr>\n<tr>\n<td>24 inch<\/td>\n<td>9-10 Jahr<\/td>\n<td>130-145 cm<\/td>\n<\/tr>\n<tr>\n<td>26 inch<\/td>\n<td>10-12 Jahr<\/td>\n<td>140-160 cm<\/td>\n<\/tr>\n<\/tbody>\n<\/table>\n<\/div>\n<\/div>\n<\/div>\n<div class=\"col-lg-6\">\n<div class=\"member d-flex align-items-start\">\n<div class=\"pic\"><img loading=\"lazy\" decoding=\"async\" class=\"aligncenter wp-image-3367 size-medium\" src=\"https:\/\/fietsenverhuurschiermonnikoog.com\/wp-content\/uploads\/2022\/09\/kjongen-300x200.png\" alt=\"\" width=\"300\" height=\"200\" srcset=\"https:\/\/fietsenverhuurschiermonnikoog.com\/wp-content\/uploads\/2022\/09\/kjongen-300x200.png 300w, https:\/\/fietsenverhuurschiermonnikoog.com\/wp-content\/uploads\/2022\/09\/kjongen-768x512.png 768w, https:\/\/fietsenverhuurschiermonnikoog.com\/wp-content\/uploads\/2022\/09\/kjongen.png 864w\" sizes=\"auto, (max-width: 300px) 100vw, 300px\" \/><\/div>\n<div class=\"member-info\">\n<h4>Kinderfahrr\u00e4der<\/h4>\n<table border=\"1\" width=\"400\" cellspacing=\"1\" cellpadding=\"15\" bgcolor=\"white\">\n<tbody>\n<tr>\n<td>Gr\u00f6\u00dfe<\/td>\n<td>Rahmenh\u00f6he<\/td>\n<td>K\u00f6rperl\u00e4nge<\/td>\n<\/tr>\n<tr>\n<td>16 inch<\/td>\n<td>4-6 Jahr<\/td>\n<td>100-115 cm<\/td>\n<\/tr>\n<tr>\n<td>18 inch<\/td>\n<td>6-7 Jahr<\/td>\n<td>110-120 cm<\/td>\n<\/tr>\n<tr>\n<td>20 inch<\/td>\n<td>7-8 Jahr<\/td>\n<td>115-125 cm<\/td>\n<\/tr>\n<tr>\n<td>22 inch<\/td>\n<td>8-9 Jahr<\/td>\n<td>125-135 cm<\/td>\n<\/tr>\n<tr>\n<td>24 inch<\/td>\n<td>9-10 Jahr<\/td>\n<td>130-145 cm<\/td>\n<\/tr>\n<tr>\n<td>26 inch<\/td>\n<td>10-12 Jahr<\/td>\n<td>140-160 cm<\/td>\n<\/tr>\n<\/tbody>\n<\/table>\n<\/div>\n<\/div>\n<\/div>\n<\/div>\n<\/div>\n<\/section>\n<p><!-- End Team Section -->[\/vc_column_text][\/vc_column][\/vc_row]<\/p>\n","protected":false},"excerpt":{"rendered":"<p>[vc_row][vc_column][vc_column_text] Damenfahrrad Gr\u00f6\u00dfe Rahmenh\u00f6he K\u00f6rperl\u00e4nge S 44 150-160 cm M 53 150-175 cm L 57 175-180 cm Herrenfahrrad Gr\u00f6\u00dfe Rahmenh\u00f6he K\u00f6rperl\u00e4nge S 53 160-175 cm M 57 175-180 cm L 61 180-190 cm Elektrofahrrad Gr\u00f6\u00dfe Rahmenh\u00f6he K\u00f6rperl\u00e4nge S 48 150-160 cm M 53 160-180 cm L 57 175-180 cm Mountainbike Gr\u00f6\u00dfe Rahmenh\u00f6he K\u00f6rperl\u00e4nge S 40 &hellip; <a href=\"https:\/\/fietsenverhuurschiermonnikoog.com\/de\/info\/fahrradgroessen\/\" class=\"more-link\">Continue reading <span class=\"screen-reader-text\">Fahrradgr\u00f6\u00dfen<\/span><\/a><\/p>\n","protected":false},"author":1,"featured_media":0,"parent":4584,"menu_order":0,"comment_status":"closed","ping_status":"closed","template":"","meta":{"footnotes":""},"class_list":["post-4600","page","type-page","status-publish","hentry"],"_links":{"self":[{"href":"https:\/\/fietsenverhuurschiermonnikoog.com\/de\/wp-json\/wp\/v2\/pages\/4600","targetHints":{"allow":["GET"]}}],"collection":[{"href":"https:\/\/fietsenverhuurschiermonnikoog.com\/de\/wp-json\/wp\/v2\/pages"}],"about":[{"href":"https:\/\/fietsenverhuurschiermonnikoog.com\/de\/wp-json\/wp\/v2\/types\/page"}],"author":[{"embeddable":true,"href":"https:\/\/fietsenverhuurschiermonnikoog.com\/de\/wp-json\/wp\/v2\/users\/1"}],"replies":[{"embeddable":true,"href":"https:\/\/fietsenverhuurschiermonnikoog.com\/de\/wp-json\/wp\/v2\/comments?post=4600"}],"version-history":[{"count":0,"href":"https:\/\/fietsenverhuurschiermonnikoog.com\/de\/wp-json\/wp\/v2\/pages\/4600\/revisions"}],"up":[{"embeddable":true,"href":"https:\/\/fietsenverhuurschiermonnikoog.com\/de\/wp-json\/wp\/v2\/pages\/4584"}],"wp:attachment":[{"href":"https:\/\/fietsenverhuurschiermonnikoog.com\/de\/wp-json\/wp\/v2\/media?parent=4600"}],"curies":[{"name":"wp","href":"https:\/\/api.w.org\/{rel}","templated":true}]}}