{"id":4622,"date":"2022-09-13T10:55:26","date_gmt":"2022-09-13T10:55:26","guid":{"rendered":"https:\/\/fietsenverhuurschiermonnikoog.com\/links\/gruppenunterkuenfte\/"},"modified":"2023-03-17T15:48:35","modified_gmt":"2023-03-17T15:48:35","slug":"gruppenunterkuenfte","status":"publish","type":"page","link":"https:\/\/fietsenverhuurschiermonnikoog.com\/de\/links\/gruppenunterkuenfte\/","title":{"rendered":"Gruppenunterk\u00fcnfte"},"content":{"rendered":"<p>[vc_row tm_bgimagefixed=&#8220;&#8220;][vc_column tm_shadow=&#8220;yes&#8220; width=&#8220;1\/2&#8243;]<div class=\"tm-sbox tm-sbox-iconalign-without-icon none tm-sbox-bgcolor-transparent tm-bgcolor-transparent tm-sbox-textcolor- tm-textcolor- tm-sbox-isize-md tm-sbox-isize-md tm-sbox-istyle-none vc_custom_1679067925446 tm-sbox-both-headings\"><section class=\"tm-vc_cta3-container\"><div class=\"tm-vc_general tm-vc_cta3 tm-vc_cta3-align-left tm-vc_cta3-icon-size-md tm-vc_cta3-icons-withouticon tm-vc_cta3-actions-no\"><div class=\"tm-vc_cta3_content-container\"><div class=\"tm-vc_cta3-content\"><div class=\"tm-vc_cta3-content-header tm-wrap\"><div class=\"tm-vc_cta3-headers tm-wrap-cell\"><h2 class=\"tm-custom-heading \" >de Branding<\/h2>\n<h4 class=\"tm-custom-heading \" >G\u00fcnstige \u00dcbernachtung auf Schiermonnikoog? Dann sind Sie an der richtigen Stelle.<\/h4>\n<\/div><\/div><\/div><div class=\"tm-cta3-desc-btn-wrapper\"><div class=\"tm-cta3-description\"><div class=\"tm-cta3-content-wrapper\"><p><a href=\"https:\/\/www.debranding.nu\/\" target=\"_blank\" rel=\"noopener\"><img loading=\"lazy\" decoding=\"async\" class=\"alignleft wp-image-3483\" src=\"https:\/\/fietsenverhuurschiermonnikoog.com\/wp-content\/uploads\/2022\/09\/debranding-300x104.png\" alt=\"\" width=\"200\" height=\"69\" srcset=\"https:\/\/fietsenverhuurschiermonnikoog.com\/wp-content\/uploads\/2022\/09\/debranding-300x104.png 300w, https:\/\/fietsenverhuurschiermonnikoog.com\/wp-content\/uploads\/2022\/09\/debranding.png 474w\" sizes=\"auto, (max-width: 200px) 100vw, 200px\" \/><\/a>Entspannen Sie sich auf unserer gem\u00fctlichen Campingfarm oder erkunden Sie die Insel von einem unserer Ferienh\u00e4user aus.<\/p><\/div><\/div><\/div><\/div><\/div><\/section><\/div>[\/vc_column][vc_column tm_shadow=&#8220;yes&#8220; width=&#8220;1\/2&#8243;]<div class=\"tm-sbox tm-sbox-iconalign-without-icon none tm-sbox-bgcolor-transparent tm-bgcolor-transparent tm-sbox-textcolor- tm-textcolor- tm-sbox-isize-md tm-sbox-isize-md tm-sbox-istyle-none vc_custom_1679068074153 tm-sbox-both-headings\"><section class=\"tm-vc_cta3-container\"><div class=\"tm-vc_general tm-vc_cta3 tm-vc_cta3-align-left tm-vc_cta3-icon-size-md tm-vc_cta3-icons-withouticon tm-vc_cta3-actions-no\"><div class=\"tm-vc_cta3_content-container\"><div class=\"tm-vc_cta3-content\"><div class=\"tm-vc_cta3-content-header tm-wrap\"><div class=\"tm-vc_cta3-headers tm-wrap-cell\"><h2 class=\"tm-custom-heading \" >Eureca<\/h2>\n<h4 class=\"tm-custom-heading \" >Wir laden Sie ein, auf unserem Bauernhof auf der wundersch\u00f6nen Insel Schiermonnikoog zu bleiben.<\/h4>\n<\/div><\/div><\/div><div class=\"tm-cta3-desc-btn-wrapper\"><div class=\"tm-cta3-description\"><div class=\"tm-cta3-content-wrapper\"><p><a href=\"https:\/\/www.eureca.nl\/\" target=\"_blank\" rel=\"noopener\"><img loading=\"lazy\" decoding=\"async\" class=\"alignleft wp-image-3485\" src=\"https:\/\/fietsenverhuurschiermonnikoog.com\/wp-content\/uploads\/2022\/09\/eureca.png\" alt=\"\" width=\"200\" height=\"154\" \/><\/a>Bei uns finden Sie eine Gruppenunterkunft f\u00fcr zehn bis hundert Personen, einen gem\u00fctlichen Gruppencampingplatz und in den Sommermonaten voll ausgestattete Familienzelte.<\/p><\/div><\/div><\/div><\/div><\/div><\/section><\/div>[\/vc_column][\/vc_row][vc_row][vc_column tm_shadow=&#8220;yes&#8220; width=&#8220;1\/2&#8243;]<div class=\"tm-sbox tm-sbox-iconalign-without-icon none tm-sbox-bgcolor-transparent tm-bgcolor-transparent tm-sbox-textcolor- tm-textcolor- tm-sbox-isize-md tm-sbox-isize-md tm-sbox-istyle-none vc_custom_1679068022819 tm-sbox-both-headings\"><section class=\"tm-vc_cta3-container\"><div class=\"tm-vc_general tm-vc_cta3 tm-vc_cta3-align-left tm-vc_cta3-icon-size-md tm-vc_cta3-icons-withouticon tm-vc_cta3-actions-no\"><div class=\"tm-vc_cta3_content-container\"><div class=\"tm-vc_cta3-content\"><div class=\"tm-vc_cta3-content-header tm-wrap\"><div class=\"tm-vc_cta3-headers tm-wrap-cell\"><h2 class=\"tm-custom-heading \" >Duinhoeve<\/h2>\n<h4 class=\"tm-custom-heading \" >Der gem\u00fctlichste Campingbauernhof im funkelnden Schiermonnikoog!<\/h4>\n<\/div><\/div><\/div><div class=\"tm-cta3-desc-btn-wrapper\"><div class=\"tm-cta3-description\"><div class=\"tm-cta3-content-wrapper\"><p><a href=\"Ontdek%20Schiermonnikoog%20en%20het%20boerenleven%20vanaf%20de%20meest%20centrale%20plaats%20op%20het%20eiland.%20Op%2010%20minuten%20fietsafstand%20van%20strand,%20dorp%20en%20boot.%20Een%20plek%20op%20de%20boerderij%20voor%20studentenverenigingen,%20schoolreizen%20en%20andere%20groepen,%20maar%20ook%20voor%20vakanties%20van%20gezinnen,%20stellen,%20vrienden%20en%20vriendinnen!%20\" target=\"_blank\" rel=\"noopener\"><img loading=\"lazy\" decoding=\"async\" class=\"alignleft wp-image-3497\" src=\"https:\/\/fietsenverhuurschiermonnikoog.com\/wp-content\/uploads\/2022\/09\/deduinhoeve-300x112.png\" alt=\"\" width=\"200\" height=\"75\" srcset=\"https:\/\/fietsenverhuurschiermonnikoog.com\/wp-content\/uploads\/2022\/09\/deduinhoeve-300x112.png 300w, https:\/\/fietsenverhuurschiermonnikoog.com\/wp-content\/uploads\/2022\/09\/deduinhoeve.png 367w\" sizes=\"auto, (max-width: 200px) 100vw, 200px\" \/><\/a>Entdecken Sie Schiermonnikoog und das Farmleben vom zentralsten Ort der Insel aus. 10 Minuten mit dem Fahrrad Entfernung von Strand, Dorf und Boot. Ein Ort auf dem Bauernhof f\u00fcr Schwesternschaften, Schulausfl\u00fcge und andere Gruppen sowie f\u00fcr Ferien von Familien, Paaren, Freunden und Freundinnen!<\/p><\/div><\/div><\/div><\/div><\/div><\/section><\/div>[\/vc_column][vc_column tm_shadow=&#8220;yes&#8220; width=&#8220;1\/2&#8243;]<div class=\"tm-sbox tm-sbox-iconalign-without-icon none tm-sbox-bgcolor-transparent tm-bgcolor-transparent tm-sbox-textcolor- tm-textcolor- tm-sbox-isize-md tm-sbox-isize-md tm-sbox-istyle-none vc_custom_1679068091122 tm-sbox-both-headings\"><section class=\"tm-vc_cta3-container\"><div class=\"tm-vc_general tm-vc_cta3 tm-vc_cta3-align-left tm-vc_cta3-icon-size-md tm-vc_cta3-icons-withouticon tm-vc_cta3-actions-no\"><div class=\"tm-vc_cta3_content-container\"><div class=\"tm-vc_cta3-content\"><div class=\"tm-vc_cta3-content-header tm-wrap\"><div class=\"tm-vc_cta3-headers tm-wrap-cell\"><h2 class=\"tm-custom-heading \" >Kooiplaats<\/h2>\n<h4 class=\"tm-custom-heading \" >Farmstay De Kooiplaats bietet Gruppenunterk\u00fcnfte<\/h4>\n<\/div><\/div><\/div><div class=\"tm-cta3-desc-btn-wrapper\"><div class=\"tm-cta3-description\"><div class=\"tm-cta3-content-wrapper\"><p><a href=\"https:\/\/www.kooiplaats.nl\/\" target=\"_blank\" rel=\"noopener\"><img loading=\"lazy\" decoding=\"async\" class=\"alignleft wp-image-3488\" src=\"https:\/\/fietsenverhuurschiermonnikoog.com\/wp-content\/uploads\/2022\/09\/kooiplaats-300x96.png\" alt=\"\" width=\"200\" height=\"64\" srcset=\"https:\/\/fietsenverhuurschiermonnikoog.com\/wp-content\/uploads\/2022\/09\/kooiplaats-300x96.png 300w, https:\/\/fietsenverhuurschiermonnikoog.com\/wp-content\/uploads\/2022\/09\/kooiplaats.png 594w\" sizes=\"auto, (max-width: 200px) 100vw, 200px\" \/><\/a>Vakantieboerderij De Kooiplaats bietet Gruppenunterk\u00fcnfte, die sowohl f\u00fcr kleine als auch f\u00fcr gro\u00dfe Gruppen sehr geeignet sind. Denken Sie an Firmenausfl\u00fcge, Hochzeiten, Partys und Schulausfl\u00fcge.<\/p><\/div><\/div><\/div><\/div><\/div><\/section><\/div>[\/vc_column][\/vc_row][vc_row][vc_column tm_shadow=&#8220;yes&#8220; width=&#8220;1\/2&#8243;]<div class=\"tm-sbox tm-sbox-iconalign-without-icon none tm-sbox-bgcolor-transparent tm-bgcolor-transparent tm-sbox-textcolor- tm-textcolor- tm-sbox-isize-md tm-sbox-isize-md tm-sbox-istyle-none vc_custom_1679068101353 tm-sbox-both-headings\"><section class=\"tm-vc_cta3-container\"><div class=\"tm-vc_general tm-vc_cta3 tm-vc_cta3-align-left tm-vc_cta3-icon-size-md tm-vc_cta3-icons-withouticon tm-vc_cta3-actions-no\"><div class=\"tm-vc_cta3_content-container\"><div class=\"tm-vc_cta3-content\"><div class=\"tm-vc_cta3-content-header tm-wrap\"><div class=\"tm-vc_cta3-headers tm-wrap-cell\"><h2 class=\"tm-custom-heading \" >de Oorsprong<\/h2>\n<h4 class=\"tm-custom-heading \" >Die Campingfarm De Oorsprong ist der Ort, um die Nacht auf Schiermonnikoog zu verbringen<\/h4>\n<\/div><\/div><\/div><div class=\"tm-cta3-desc-btn-wrapper\"><div class=\"tm-cta3-description\"><div class=\"tm-cta3-content-wrapper\"><p><a href=\"https:\/\/www.deoorsprong.nl\/\" target=\"_blank\" rel=\"noopener\"><img loading=\"lazy\" decoding=\"async\" class=\"alignleft wp-image-3493\" src=\"https:\/\/fietsenverhuurschiermonnikoog.com\/wp-content\/uploads\/2022\/09\/deoorsprong-300x75.png\" alt=\"\" width=\"200\" height=\"50\" srcset=\"https:\/\/fietsenverhuurschiermonnikoog.com\/wp-content\/uploads\/2022\/09\/deoorsprong-300x75.png 300w, https:\/\/fietsenverhuurschiermonnikoog.com\/wp-content\/uploads\/2022\/09\/deoorsprong-1024x256.png 1024w, https:\/\/fietsenverhuurschiermonnikoog.com\/wp-content\/uploads\/2022\/09\/deoorsprong-768x192.png 768w, https:\/\/fietsenverhuurschiermonnikoog.com\/wp-content\/uploads\/2022\/09\/deoorsprong-1536x384.png 1536w, https:\/\/fietsenverhuurschiermonnikoog.com\/wp-content\/uploads\/2022\/09\/deoorsprong.png 1861w\" sizes=\"auto, (max-width: 200px) 100vw, 200px\" \/><\/a>De Oorsprong hat Gruppenunterk\u00fcnfte, Ferienh\u00e4user, Apartments und einen Campingplatz und bietet daher f\u00fcr jeden etwas. Unsere Farm eignet sich auch sehr gut f\u00fcr Hochzeiten, Firmenfeiern oder andere Versammlungen.<\/p><\/div><\/div><\/div><\/div><\/div><\/section><\/div>[\/vc_column][vc_column tm_shadow=&#8220;yes&#8220; width=&#8220;1\/2&#8243;]<div class=\"tm-sbox tm-sbox-iconalign-without-icon none tm-sbox-bgcolor-transparent tm-bgcolor-transparent tm-sbox-textcolor- tm-textcolor- tm-sbox-isize-md tm-sbox-isize-md tm-sbox-istyle-none vc_custom_1679068111307 tm-sbox-both-headings\"><section class=\"tm-vc_cta3-container\"><div class=\"tm-vc_general tm-vc_cta3 tm-vc_cta3-align-left tm-vc_cta3-icon-size-md tm-vc_cta3-icons-withouticon tm-vc_cta3-actions-no\"><div class=\"tm-vc_cta3_content-container\"><div class=\"tm-vc_cta3-content\"><div class=\"tm-vc_cta3-content-header tm-wrap\"><div class=\"tm-vc_cta3-headers tm-wrap-cell\"><h2 class=\"tm-custom-heading \" >Springfield<\/h2>\n<h4 class=\"tm-custom-heading \" >Ihre Ferienfarm auf Schiermonnikoog<\/h4>\n<\/div><\/div><\/div><div class=\"tm-cta3-desc-btn-wrapper\"><div class=\"tm-cta3-description\"><div class=\"tm-cta3-content-wrapper\"><p><a href=\"Een%20ideale%20accommodatie%20voor%20een%20verblijf%20met%20familie,%20collega%E2%80%99s%20of%20vrienden.\"><img loading=\"lazy\" decoding=\"async\" class=\"alignleft wp-image-3495\" src=\"https:\/\/fietsenverhuurschiermonnikoog.com\/wp-content\/uploads\/2022\/09\/springfield-300x117.png\" alt=\"\" width=\"200\" height=\"78\" srcset=\"https:\/\/fietsenverhuurschiermonnikoog.com\/wp-content\/uploads\/2022\/09\/springfield-300x117.png 300w, https:\/\/fietsenverhuurschiermonnikoog.com\/wp-content\/uploads\/2022\/09\/springfield-1024x398.png 1024w, https:\/\/fietsenverhuurschiermonnikoog.com\/wp-content\/uploads\/2022\/09\/springfield-768x299.png 768w, https:\/\/fietsenverhuurschiermonnikoog.com\/wp-content\/uploads\/2022\/09\/springfield.png 1275w\" sizes=\"auto, (max-width: 200px) 100vw, 200px\" \/><\/a>Eine ideale Unterkunft f\u00fcr einen Aufenthalt mit Familie, Kollegen oder Freunden.<\/p><\/div><\/div><\/div><\/div><\/div><\/section><\/div>[\/vc_column][\/vc_row]<\/p>\n","protected":false},"excerpt":{"rendered":"<p>[vc_row tm_bgimagefixed=&#8220;&#8220;][vc_column tm_shadow=&#8220;yes&#8220; width=&#8220;1\/2&#8243;][\/vc_column][vc_column tm_shadow=&#8220;yes&#8220; width=&#8220;1\/2&#8243;][\/vc_column][\/vc_row][vc_row][vc_column tm_shadow=&#8220;yes&#8220; width=&#8220;1\/2&#8243;][\/vc_column][vc_column tm_shadow=&#8220;yes&#8220; width=&#8220;1\/2&#8243;][\/vc_column][\/vc_row][vc_row][vc_column tm_shadow=&#8220;yes&#8220; width=&#8220;1\/2&#8243;][\/vc_column][vc_column tm_shadow=&#8220;yes&#8220; width=&#8220;1\/2&#8243;][\/vc_column][\/vc_row]<\/p>\n","protected":false},"author":1,"featured_media":0,"parent":4611,"menu_order":0,"comment_status":"closed","ping_status":"closed","template":"","meta":{"footnotes":""},"class_list":["post-4622","page","type-page","status-publish","hentry"],"_links":{"self":[{"href":"https:\/\/fietsenverhuurschiermonnikoog.com\/de\/wp-json\/wp\/v2\/pages\/4622","targetHints":{"allow":["GET"]}}],"collection":[{"href":"https:\/\/fietsenverhuurschiermonnikoog.com\/de\/wp-json\/wp\/v2\/pages"}],"about":[{"href":"https:\/\/fietsenverhuurschiermonnikoog.com\/de\/wp-json\/wp\/v2\/types\/page"}],"author":[{"embeddable":true,"href":"https:\/\/fietsenverhuurschiermonnikoog.com\/de\/wp-json\/wp\/v2\/users\/1"}],"replies":[{"embeddable":true,"href":"https:\/\/fietsenverhuurschiermonnikoog.com\/de\/wp-json\/wp\/v2\/comments?post=4622"}],"version-history":[{"count":0,"href":"https:\/\/fietsenverhuurschiermonnikoog.com\/de\/wp-json\/wp\/v2\/pages\/4622\/revisions"}],"up":[{"embeddable":true,"href":"https:\/\/fietsenverhuurschiermonnikoog.com\/de\/wp-json\/wp\/v2\/pages\/4611"}],"wp:attachment":[{"href":"https:\/\/fietsenverhuurschiermonnikoog.com\/de\/wp-json\/wp\/v2\/media?parent=4622"}],"curies":[{"name":"wp","href":"https:\/\/api.w.org\/{rel}","templated":true}]}}