{"id":4627,"date":"2022-09-15T14:55:52","date_gmt":"2022-09-15T14:55:52","guid":{"rendered":"https:\/\/fietsenverhuurschiermonnikoog.com\/links\/unterkuenfte-auf-schiermonnikoog\/"},"modified":"2023-03-17T16:02:26","modified_gmt":"2023-03-17T16:02:26","slug":"unterkuenfte-auf-schiermonnikoog","status":"publish","type":"page","link":"https:\/\/fietsenverhuurschiermonnikoog.com\/de\/links\/unterkuenfte-auf-schiermonnikoog\/","title":{"rendered":"Unterk\u00fcnfte auf Schiermonnikoog"},"content":{"rendered":"<p>[vc_row tm_bgimagefixed=&#8220;&#8220;][vc_column tm_shadow=&#8220;yes&#8220; width=&#8220;1\/2&#8243;]<div class=\"tm-sbox tm-sbox-iconalign-without-icon none tm-sbox-bgcolor-transparent tm-bgcolor-transparent tm-sbox-textcolor- tm-textcolor- tm-sbox-isize-md tm-sbox-isize-md tm-sbox-istyle-none vc_custom_1663253976519 tm-sbox-both-headings\"><section class=\"tm-vc_cta3-container\"><div class=\"tm-vc_general tm-vc_cta3 tm-vc_cta3-align-left tm-vc_cta3-icon-size-md tm-vc_cta3-icons-withouticon tm-vc_cta3-actions-no\"><div class=\"tm-vc_cta3_content-container\"><div class=\"tm-vc_cta3-content\"><div class=\"tm-vc_cta3-content-header tm-wrap\"><div class=\"tm-vc_cta3-headers tm-wrap-cell\"><h2 class=\"tm-custom-heading \" >Hotel van der Werff<\/h2>\n<h4 class=\"tm-custom-heading \" >Hotel van der Werff<\/h4>\n<\/div><\/div><\/div><div class=\"tm-cta3-desc-btn-wrapper\"><div class=\"tm-cta3-description\"><div class=\"tm-cta3-content-wrapper\"><p><a href=\"https:\/\/hotelvanderwerff.nl\/\" target=\"_blank\" rel=\"noopener\"><img loading=\"lazy\" decoding=\"async\" class=\"alignleft wp-image-3503\" src=\"https:\/\/fietsenverhuurschiermonnikoog.com\/wp-content\/uploads\/2022\/09\/vanderwerff-300x42.png\" alt=\"\" width=\"200\" height=\"28\" srcset=\"https:\/\/fietsenverhuurschiermonnikoog.com\/wp-content\/uploads\/2022\/09\/vanderwerff-300x42.png 300w, https:\/\/fietsenverhuurschiermonnikoog.com\/wp-content\/uploads\/2022\/09\/vanderwerff.png 707w\" sizes=\"auto, (max-width: 200px) 100vw, 200px\" \/><\/a>Das Hotel van der Werff feierte 2014 sein 100-j\u00e4hriges Bestehen<\/p><\/div><\/div><\/div><\/div><\/div><\/section><\/div>[\/vc_column][vc_column tm_shadow=&#8220;yes&#8220; width=&#8220;1\/2&#8243;]<div class=\"tm-sbox tm-sbox-iconalign-without-icon none tm-sbox-bgcolor-transparent tm-bgcolor-transparent tm-sbox-textcolor- tm-textcolor- tm-sbox-isize-md tm-sbox-isize-md tm-sbox-istyle-none vc_custom_1679068863208 tm-sbox-both-headings\"><section class=\"tm-vc_cta3-container\"><div class=\"tm-vc_general tm-vc_cta3 tm-vc_cta3-align-left tm-vc_cta3-icon-size-md tm-vc_cta3-icons-withouticon tm-vc_cta3-actions-no\"><div class=\"tm-vc_cta3_content-container\"><div class=\"tm-vc_cta3-content\"><div class=\"tm-vc_cta3-content-header tm-wrap\"><div class=\"tm-vc_cta3-headers tm-wrap-cell\"><h2 class=\"tm-custom-heading \" >Landal Vitamaris<\/h2>\n<h4 class=\"tm-custom-heading \" >Landal Vitamaris, ein Apartmentkomplex mit 62 komfortablen und modernen Apartments<\/h4>\n<\/div><\/div><\/div><div class=\"tm-cta3-desc-btn-wrapper\"><div class=\"tm-cta3-description\"><div class=\"tm-cta3-content-wrapper\"><p><a href=\"https:\/\/www.landal.nl\/parken\/vitamaris\" target=\"_blank\" rel=\"noopener\"><img loading=\"lazy\" decoding=\"async\" class=\"alignleft wp-image-3505\" src=\"https:\/\/fietsenverhuurschiermonnikoog.com\/wp-content\/uploads\/2022\/09\/landal.png\" alt=\"\" width=\"169\" height=\"169\" srcset=\"https:\/\/fietsenverhuurschiermonnikoog.com\/wp-content\/uploads\/2022\/09\/landal.png 169w, https:\/\/fietsenverhuurschiermonnikoog.com\/wp-content\/uploads\/2022\/09\/landal-150x150.png 150w\" sizes=\"auto, (max-width: 169px) 100vw, 169px\" \/><\/a>Im Landal Vitamaris k\u00f6nnen Sie sich auch in der Lounge und im Ruhebereich mit Kinderspielplatz entspannen. Dar\u00fcber hinaus verf\u00fcgt der Apartmentkomplex \u00fcber einen Innenpool und einen Spielplatz<\/p><\/div><\/div><\/div><\/div><\/div><\/section><\/div>[\/vc_column][\/vc_row][vc_row][vc_column tm_shadow=&#8220;yes&#8220; width=&#8220;1\/2&#8243;]<div class=\"tm-sbox tm-sbox-iconalign-without-icon none tm-sbox-bgcolor-transparent tm-bgcolor-transparent tm-sbox-textcolor- tm-textcolor- tm-sbox-isize-md tm-sbox-isize-md tm-sbox-istyle-none vc_custom_1679068880344 tm-sbox-both-headings\"><section class=\"tm-vc_cta3-container\"><div class=\"tm-vc_general tm-vc_cta3 tm-vc_cta3-align-left tm-vc_cta3-icon-size-md tm-vc_cta3-icons-withouticon tm-vc_cta3-actions-no\"><div class=\"tm-vc_cta3_content-container\"><div class=\"tm-vc_cta3-content\"><div class=\"tm-vc_cta3-content-header tm-wrap\"><div class=\"tm-vc_cta3-headers tm-wrap-cell\"><h2 class=\"tm-custom-heading \" >Restaurant Ambrosijn<\/h2>\n<h4 class=\"tm-custom-heading \" >Das kleinste Hotel in Schiermonnikoog.<\/h4>\n<\/div><\/div><\/div><div class=\"tm-cta3-desc-btn-wrapper\"><div class=\"tm-cta3-description\"><div class=\"tm-cta3-content-wrapper\"><p><a href=\"https:\/\/www.ambrosijn.nl\/\" target=\"_blank\" rel=\"noopener\"><img loading=\"lazy\" decoding=\"async\" class=\"alignleft wp-image-3507\" src=\"https:\/\/fietsenverhuurschiermonnikoog.com\/wp-content\/uploads\/2022\/09\/ambrosijn.jpg\" alt=\"\" width=\"200\" height=\"200\" srcset=\"https:\/\/fietsenverhuurschiermonnikoog.com\/wp-content\/uploads\/2022\/09\/ambrosijn.jpg 225w, https:\/\/fietsenverhuurschiermonnikoog.com\/wp-content\/uploads\/2022\/09\/ambrosijn-150x150.jpg 150w\" sizes=\"auto, (max-width: 200px) 100vw, 200px\" \/><\/a>Sie k\u00f6nnen in Ambrosijns Hotelsuiten \u00fcbernachten. Die Suiten befinden sich im 1. Stock, jede hat einen eigenen Eingang und sind \u00fcber eine Au\u00dfentreppe erreichbar<\/p><\/div><\/div><\/div><\/div><\/div><\/section><\/div>[\/vc_column][vc_column tm_shadow=&#8220;yes&#8220; width=&#8220;1\/2&#8243;]<div class=\"tm-sbox tm-sbox-iconalign-without-icon none tm-sbox-bgcolor-transparent tm-bgcolor-transparent tm-sbox-textcolor- tm-textcolor- tm-sbox-isize-md tm-sbox-isize-md tm-sbox-istyle-none vc_custom_1679068890640 tm-sbox-both-headings\"><section class=\"tm-vc_cta3-container\"><div class=\"tm-vc_general tm-vc_cta3 tm-vc_cta3-align-left tm-vc_cta3-icon-size-md tm-vc_cta3-icons-withouticon tm-vc_cta3-actions-no\"><div class=\"tm-vc_cta3_content-container\"><div class=\"tm-vc_cta3-content\"><div class=\"tm-vc_cta3-content-header tm-wrap\"><div class=\"tm-vc_cta3-headers tm-wrap-cell\"><h2 class=\"tm-custom-heading \" >Hotel Graaf Bernstorff<\/h2>\n<h4 class=\"tm-custom-heading \" >In der Mitte des lebhaften Herzens des Dorfes Schiermonnikoog<\/h4>\n<\/div><\/div><\/div><div class=\"tm-cta3-desc-btn-wrapper\"><div class=\"tm-cta3-description\"><div class=\"tm-cta3-content-wrapper\"><p><a href=\"https:\/\/www.bernstorff.nl\/nl\/index.html\" target=\"_blank\" rel=\"noopener\"><img loading=\"lazy\" decoding=\"async\" class=\"alignleft wp-image-3509\" src=\"https:\/\/fietsenverhuurschiermonnikoog.com\/wp-content\/uploads\/2022\/09\/bernstorff-300x272.jpg\" alt=\"\" width=\"200\" height=\"181\" srcset=\"https:\/\/fietsenverhuurschiermonnikoog.com\/wp-content\/uploads\/2022\/09\/bernstorff-300x272.jpg 300w, https:\/\/fietsenverhuurschiermonnikoog.com\/wp-content\/uploads\/2022\/09\/bernstorff-768x696.jpg 768w, https:\/\/fietsenverhuurschiermonnikoog.com\/wp-content\/uploads\/2022\/09\/bernstorff.jpg 847w\" sizes=\"auto, (max-width: 200px) 100vw, 200px\" \/><\/a>Benannt nach dem letzten privaten Eigent\u00fcmer der Insel; Graf (Titel) Von Bernstorff. Das Hotel beherbergt ein attraktives Restaurant, eine gem\u00fctliche Bibliothek, 17 komfortable und attraktiv eingerichtete Hotelzimmer, 26 ger\u00e4umige Apartments und die k\u00fcrzlich erbauten 17 Luxussuiten, die sich ebenfalls am Reeweg befinden. Hier, nachdem Sie durch die Insel gewandert sind, ist es angenehm, sich niederzulassen.<\/p><\/div><\/div><\/div><\/div><\/div><\/section><\/div>[\/vc_column][\/vc_row][vc_row][vc_column tm_shadow=&#8220;yes&#8220; width=&#8220;1\/2&#8243;]<div class=\"tm-sbox tm-sbox-iconalign-without-icon none tm-sbox-bgcolor-transparent tm-bgcolor-transparent tm-sbox-textcolor- tm-textcolor- tm-sbox-isize-md tm-sbox-isize-md tm-sbox-istyle-none vc_custom_1679068911141 tm-sbox-both-headings\"><section class=\"tm-vc_cta3-container\"><div class=\"tm-vc_general tm-vc_cta3 tm-vc_cta3-align-left tm-vc_cta3-icon-size-md tm-vc_cta3-icons-withouticon tm-vc_cta3-actions-no\"><div class=\"tm-vc_cta3_content-container\"><div class=\"tm-vc_cta3-content\"><div class=\"tm-vc_cta3-content-header tm-wrap\"><div class=\"tm-vc_cta3-headers tm-wrap-cell\"><h2 class=\"tm-custom-heading \" >Pension Westerburen<\/h2>\n<h4 class=\"tm-custom-heading \" >Die Pension Westerburen ist ein Familien-Bed &amp; Breakfast in Schiermonnikoog<\/h4>\n<\/div><\/div><\/div><div class=\"tm-cta3-desc-btn-wrapper\"><div class=\"tm-cta3-description\"><div class=\"tm-cta3-content-wrapper\"><p><a href=\"https:\/\/www.westerburen.nl\/\" target=\"_blank\" rel=\"noopener\"><img loading=\"lazy\" decoding=\"async\" class=\"alignleft wp-image-3511\" src=\"https:\/\/fietsenverhuurschiermonnikoog.com\/wp-content\/uploads\/2022\/09\/westerburen-300x78.png\" alt=\"\" width=\"200\" height=\"52\" srcset=\"https:\/\/fietsenverhuurschiermonnikoog.com\/wp-content\/uploads\/2022\/09\/westerburen-300x78.png 300w, https:\/\/fietsenverhuurschiermonnikoog.com\/wp-content\/uploads\/2022\/09\/westerburen.png 327w\" sizes=\"auto, (max-width: 200px) 100vw, 200px\" \/><\/a>Es befindet sich im Herzen des Dorfzentrums. Westerburen hat elf Doppelzimmer, es ist auch m\u00f6glich, ein Zustellbett in zwei Zimmern zu platzieren.<\/p><\/div><\/div><\/div><\/div><\/div><\/section><\/div>[\/vc_column][vc_column tm_shadow=&#8220;yes&#8220; width=&#8220;1\/2&#8243;]<div class=\"tm-sbox tm-sbox-iconalign-without-icon none tm-sbox-bgcolor-transparent tm-bgcolor-transparent tm-sbox-textcolor- tm-textcolor- tm-sbox-isize-md tm-sbox-isize-md tm-sbox-istyle-none vc_custom_1679068928644 tm-sbox-both-headings\"><section class=\"tm-vc_cta3-container\"><div class=\"tm-vc_general tm-vc_cta3 tm-vc_cta3-align-left tm-vc_cta3-icon-size-md tm-vc_cta3-icons-withouticon tm-vc_cta3-actions-no\"><div class=\"tm-vc_cta3_content-container\"><div class=\"tm-vc_cta3-content\"><div class=\"tm-vc_cta3-content-header tm-wrap\"><div class=\"tm-vc_cta3-headers tm-wrap-cell\"><h2 class=\"tm-custom-heading \" >Drink en eethuis De Berkenplas<\/h2>\n<h4 class=\"tm-custom-heading \" >Das Berkenplas ist ein attraktives, entspanntes Trink- und Speisehaus mit einer ger\u00e4umigen Sonnenterrasse<\/h4>\n<\/div><\/div><\/div><div class=\"tm-cta3-desc-btn-wrapper\"><div class=\"tm-cta3-description\"><div class=\"tm-cta3-content-wrapper\"><p><a href=\"http:\/\/www.schiermonnikoog-horeca.nl\/\" target=\"_blank\" rel=\"noopener\"><img loading=\"lazy\" decoding=\"async\" class=\"alignleft wp-image-3513\" src=\"https:\/\/fietsenverhuurschiermonnikoog.com\/wp-content\/uploads\/2022\/09\/berkenplas-300x64.jpg\" alt=\"\" width=\"200\" height=\"42\" srcset=\"https:\/\/fietsenverhuurschiermonnikoog.com\/wp-content\/uploads\/2022\/09\/berkenplas-300x64.jpg 300w, https:\/\/fietsenverhuurschiermonnikoog.com\/wp-content\/uploads\/2022\/09\/berkenplas-768x163.jpg 768w, https:\/\/fietsenverhuurschiermonnikoog.com\/wp-content\/uploads\/2022\/09\/berkenplas.jpg 1024w\" sizes=\"auto, (max-width: 200px) 100vw, 200px\" \/><\/a>Es ist ein einzigartiger Ort, um w\u00e4hrend Ihrer Wanderung oder Radtour zu tanken. Genie\u00dfen Sie die Ruhe und den Raum, den Schiermonnikoog Ihnen zu jeder Jahreszeit zu bieten hat. Ein einzigartiger Ort auch f\u00fcr kleine Kinder, besonders wenn ein Besuch am Nordseestrand weniger offensichtlich ist.<\/p><\/div><\/div><\/div><\/div><\/div><\/section><\/div>[\/vc_column][\/vc_row][vc_row][vc_column tm_shadow=&#8220;yes&#8220; width=&#8220;1\/2&#8243;]<div class=\"tm-sbox tm-sbox-iconalign-without-icon none tm-sbox-bgcolor-transparent tm-bgcolor-transparent tm-sbox-textcolor- tm-textcolor- tm-sbox-isize-md tm-sbox-isize-md tm-sbox-istyle-none vc_custom_1679068938077 tm-sbox-both-headings\"><section class=\"tm-vc_cta3-container\"><div class=\"tm-vc_general tm-vc_cta3 tm-vc_cta3-align-left tm-vc_cta3-icon-size-md tm-vc_cta3-icons-withouticon tm-vc_cta3-actions-no\"><div class=\"tm-vc_cta3_content-container\"><div class=\"tm-vc_cta3-content\"><div class=\"tm-vc_cta3-content-header tm-wrap\"><div class=\"tm-vc_cta3-headers tm-wrap-cell\"><h2 class=\"tm-custom-heading \" >Hotel en Brasserie Om de Noord<\/h2>\n<h4 class=\"tm-custom-heading \" >Das n\u00f6rdlichste Hotel auf dem Watten<\/h4>\n<\/div><\/div><\/div><div class=\"tm-cta3-desc-btn-wrapper\"><div class=\"tm-cta3-description\"><div class=\"tm-cta3-content-wrapper\"><p><a href=\"https:\/\/www.hotelomdenoord.nl\/\" target=\"_blank\" rel=\"noopener\"><img loading=\"lazy\" decoding=\"async\" class=\"alignleft wp-image-3515\" src=\"https:\/\/fietsenverhuurschiermonnikoog.com\/wp-content\/uploads\/2022\/09\/omdenoord-1-300x176.png\" alt=\"\" width=\"200\" height=\"117\" srcset=\"https:\/\/fietsenverhuurschiermonnikoog.com\/wp-content\/uploads\/2022\/09\/omdenoord-1-300x176.png 300w, https:\/\/fietsenverhuurschiermonnikoog.com\/wp-content\/uploads\/2022\/09\/omdenoord-1.png 375w\" sizes=\"auto, (max-width: 200px) 100vw, 200px\" \/><\/a>Das Strandhotel &#8218;Om de Noord&#8216; ist ein kleines, pers\u00f6nliches Hotel am Strand auf der Wadden Island Schiermonnikoog. Der kleine Ma\u00dfstab mit der pers\u00f6nlichen Note sorgt f\u00fcr einen erholsamen Aufenthalt. Das intime Hotel verf\u00fcgt \u00fcber dreizehn frische Zimmer in zwei verschiedenen Zimmertypen.<\/p><\/div><\/div><\/div><\/div><\/div><\/section><\/div>[\/vc_column][vc_column tm_shadow=&#8220;yes&#8220; width=&#8220;1\/2&#8243;][\/vc_column][\/vc_row]<\/p>\n","protected":false},"excerpt":{"rendered":"<p>[vc_row tm_bgimagefixed=&#8220;&#8220;][vc_column tm_shadow=&#8220;yes&#8220; width=&#8220;1\/2&#8243;][\/vc_column][vc_column tm_shadow=&#8220;yes&#8220; width=&#8220;1\/2&#8243;][\/vc_column][\/vc_row][vc_row][vc_column tm_shadow=&#8220;yes&#8220; width=&#8220;1\/2&#8243;][\/vc_column][vc_column tm_shadow=&#8220;yes&#8220; width=&#8220;1\/2&#8243;][\/vc_column][\/vc_row][vc_row][vc_column tm_shadow=&#8220;yes&#8220; width=&#8220;1\/2&#8243;][\/vc_column][vc_column tm_shadow=&#8220;yes&#8220; width=&#8220;1\/2&#8243;][\/vc_column][\/vc_row][vc_row][vc_column tm_shadow=&#8220;yes&#8220; width=&#8220;1\/2&#8243;][\/vc_column][vc_column tm_shadow=&#8220;yes&#8220; width=&#8220;1\/2&#8243;][\/vc_column][\/vc_row]<\/p>\n","protected":false},"author":1,"featured_media":0,"parent":4611,"menu_order":0,"comment_status":"closed","ping_status":"closed","template":"","meta":{"footnotes":""},"class_list":["post-4627","page","type-page","status-publish","hentry"],"_links":{"self":[{"href":"https:\/\/fietsenverhuurschiermonnikoog.com\/de\/wp-json\/wp\/v2\/pages\/4627","targetHints":{"allow":["GET"]}}],"collection":[{"href":"https:\/\/fietsenverhuurschiermonnikoog.com\/de\/wp-json\/wp\/v2\/pages"}],"about":[{"href":"https:\/\/fietsenverhuurschiermonnikoog.com\/de\/wp-json\/wp\/v2\/types\/page"}],"author":[{"embeddable":true,"href":"https:\/\/fietsenverhuurschiermonnikoog.com\/de\/wp-json\/wp\/v2\/users\/1"}],"replies":[{"embeddable":true,"href":"https:\/\/fietsenverhuurschiermonnikoog.com\/de\/wp-json\/wp\/v2\/comments?post=4627"}],"version-history":[{"count":0,"href":"https:\/\/fietsenverhuurschiermonnikoog.com\/de\/wp-json\/wp\/v2\/pages\/4627\/revisions"}],"up":[{"embeddable":true,"href":"https:\/\/fietsenverhuurschiermonnikoog.com\/de\/wp-json\/wp\/v2\/pages\/4611"}],"wp:attachment":[{"href":"https:\/\/fietsenverhuurschiermonnikoog.com\/de\/wp-json\/wp\/v2\/media?parent=4627"}],"curies":[{"name":"wp","href":"https:\/\/api.w.org\/{rel}","templated":true}]}}