{"id":4635,"date":"2022-09-15T18:39:12","date_gmt":"2022-09-15T18:39:12","guid":{"rendered":"https:\/\/fietsenverhuurschiermonnikoog.com\/links\/natur\/"},"modified":"2023-03-20T11:12:58","modified_gmt":"2023-03-20T11:12:58","slug":"natur","status":"publish","type":"page","link":"https:\/\/fietsenverhuurschiermonnikoog.com\/de\/links\/natur\/","title":{"rendered":"Natur"},"content":{"rendered":"<p>[vc_row tm_bgimagefixed=&#8220;&#8220;][vc_column tm_shadow=&#8220;yes&#8220; width=&#8220;1\/2&#8243;]<div class=\"tm-sbox tm-sbox-iconalign-without-icon none tm-sbox-bgcolor-transparent tm-bgcolor-transparent tm-sbox-textcolor- tm-textcolor- tm-sbox-isize-md tm-sbox-isize-md tm-sbox-istyle-none vc_custom_1679310674356 tm-sbox-both-headings\"><section class=\"tm-vc_cta3-container\"><div class=\"tm-vc_general tm-vc_cta3 tm-vc_cta3-align-left tm-vc_cta3-icon-size-md tm-vc_cta3-icons-withouticon tm-vc_cta3-actions-no\"><div class=\"tm-vc_cta3_content-container\"><div class=\"tm-vc_cta3-content\"><div class=\"tm-vc_cta3-content-header tm-wrap\"><div class=\"tm-vc_cta3-headers tm-wrap-cell\"><h2 class=\"tm-custom-heading \" >Besucherzentrum<\/h2>\n<h4 class=\"tm-custom-heading \" >Der sch\u00f6nste Nationalpark der Niederlande!<\/h4>\n<\/div><\/div><\/div><div class=\"tm-cta3-desc-btn-wrapper\"><div class=\"tm-cta3-description\"><div class=\"tm-cta3-content-wrapper\"><p><a href=\"https:\/\/www.np-schiermonnikoog.nl\/\" target=\"_blank\" rel=\"noopener\"><img loading=\"lazy\" decoding=\"async\" class=\"alignleft wp-image-3520\" src=\"https:\/\/fietsenverhuurschiermonnikoog.com\/wp-content\/uploads\/2022\/09\/natuurmonumenten.png\" alt=\"\" width=\"200\" height=\"45\" \/><\/a>Bewundern Sie die Blumen in den D\u00fcnen, sp\u00fcren Sie den Wind in Ihren Haaren, h\u00f6ren Sie die V\u00f6gel auf dem Salzsumpf, schmecken Sie den salzigen Geschmack von Samphire und riechen Sie den Schlamm auf den Watten.<\/p><\/div><\/div><\/div><\/div><\/div><\/section><\/div>[\/vc_column][vc_column tm_shadow=&#8220;yes&#8220; width=&#8220;1\/2&#8243;]<div class=\"tm-sbox tm-sbox-iconalign-without-icon none tm-sbox-bgcolor-transparent tm-bgcolor-transparent tm-sbox-textcolor- tm-textcolor- tm-sbox-isize-md tm-sbox-isize-md tm-sbox-istyle-none vc_custom_1679310691436 tm-sbox-both-headings\"><section class=\"tm-vc_cta3-container\"><div class=\"tm-vc_general tm-vc_cta3 tm-vc_cta3-align-left tm-vc_cta3-icon-size-md tm-vc_cta3-icons-withouticon tm-vc_cta3-actions-no\"><div class=\"tm-vc_cta3_content-container\"><div class=\"tm-vc_cta3-content\"><div class=\"tm-vc_cta3-content-header tm-wrap\"><div class=\"tm-vc_cta3-headers tm-wrap-cell\"><h2 class=\"tm-custom-heading \" >Nationalpark<\/h2>\n<h4 class=\"tm-custom-heading \" >Die Niederlande haben 21 Nationalparks<\/h4>\n<\/div><\/div><\/div><div class=\"tm-cta3-desc-btn-wrapper\"><div class=\"tm-cta3-description\"><div class=\"tm-cta3-content-wrapper\"><p><a href=\"https:\/\/www.nationaalpark.nl\/schiermonnikoog\" target=\"_blank\" rel=\"noopener\"><img loading=\"lazy\" decoding=\"async\" class=\"alignleft wp-image-3521\" src=\"https:\/\/fietsenverhuurschiermonnikoog.com\/wp-content\/uploads\/2022\/09\/np.gif\" alt=\"\" width=\"200\" height=\"50\" \/><\/a>In den Parks finden Sie alle Besonderheiten der niederl\u00e4ndischen Natur: D\u00fcnen, W\u00e4lder, Heidekraut, niedrige Torfmoore, Gezeitenwasser, Bacht\u00e4ler und S\u00fcmpfe. Und die Bewohner variieren auch je nach Park: Besondere Vogelarten, Schmetterlinge, Reptilien und Amphibien, Rotrehe, Dachse, Biber, Otter und Robben finden ihren Platz in den Parks.<\/p><\/div><\/div><\/div><\/div><\/div><\/section><\/div>[\/vc_column][\/vc_row][vc_row][vc_column tm_shadow=&#8220;yes&#8220; width=&#8220;1\/2&#8243;]<div class=\"tm-sbox tm-sbox-iconalign-without-icon none tm-sbox-bgcolor-transparent tm-bgcolor-transparent tm-sbox-textcolor- tm-textcolor- tm-sbox-isize-md tm-sbox-isize-md tm-sbox-istyle-none vc_custom_1679310744290 tm-sbox-both-headings\"><section class=\"tm-vc_cta3-container\"><div class=\"tm-vc_general tm-vc_cta3 tm-vc_cta3-align-left tm-vc_cta3-icon-size-md tm-vc_cta3-icons-withouticon tm-vc_cta3-actions-no\"><div class=\"tm-vc_cta3_content-container\"><div class=\"tm-vc_cta3-content\"><div class=\"tm-vc_cta3-content-header tm-wrap\"><div class=\"tm-vc_cta3-headers tm-wrap-cell\"><h2 class=\"tm-custom-heading \" >Natuurmonumenten<\/h2>\n<h4 class=\"tm-custom-heading \" >Holen Sie frische Luft auf Schiermonnikoog<\/h4>\n<\/div><\/div><\/div><div class=\"tm-cta3-desc-btn-wrapper\"><div class=\"tm-cta3-description\"><div class=\"tm-cta3-content-wrapper\"><p><a href=\"https:\/\/www.natuurmonumenten.nl\/natuurgebieden\/nationaal-park-schiermonnikoog\" target=\"_blank\" rel=\"noopener\"><img loading=\"lazy\" decoding=\"async\" class=\"wp-image-3524 alignleft\" src=\"https:\/\/fietsenverhuurschiermonnikoog.com\/wp-content\/uploads\/2022\/09\/natuurm.png\" alt=\"\" width=\"200\" height=\"45\" \/><\/a>Die unber\u00fchrte Natur, der Raum um Sie herum, wie sich die Wolken \u00fcber dem Salzsumpf sammeln und der Geruch des Meeres. Ich liebe das an Schiermonnikoog!<\/p><\/div><\/div><\/div><\/div><\/div><\/section><\/div>[\/vc_column][vc_column tm_shadow=&#8220;yes&#8220; width=&#8220;1\/2&#8243;]<div class=\"tm-sbox tm-sbox-iconalign-without-icon none tm-sbox-bgcolor-transparent tm-bgcolor-transparent tm-sbox-textcolor- tm-textcolor- tm-sbox-isize-md tm-sbox-isize-md tm-sbox-istyle-none vc_custom_1679310770253 tm-sbox-both-headings\"><section class=\"tm-vc_cta3-container\"><div class=\"tm-vc_general tm-vc_cta3 tm-vc_cta3-align-left tm-vc_cta3-icon-size-md tm-vc_cta3-icons-withouticon tm-vc_cta3-actions-no\"><div class=\"tm-vc_cta3_content-container\"><div class=\"tm-vc_cta3-content\"><div class=\"tm-vc_cta3-content-header tm-wrap\"><div class=\"tm-vc_cta3-headers tm-wrap-cell\"><h2 class=\"tm-custom-heading \" >Vogelringstation Schiermonnikoog<\/h2>\n<h4 class=\"tm-custom-heading \" >Die Vogelringstation Schiermonnikoog befindet sich im Groene Glop.<\/h4>\n<\/div><\/div><\/div><div class=\"tm-cta3-desc-btn-wrapper\"><div class=\"tm-cta3-description\"><div class=\"tm-cta3-content-wrapper\"><p><a href=\"http:\/\/www.vogelringschier.nl\" target=\"_blank\" rel=\"noopener\"><img loading=\"lazy\" decoding=\"async\" class=\"alignleft wp-image-3525\" src=\"https:\/\/fietsenverhuurschiermonnikoog.com\/wp-content\/uploads\/2022\/09\/vogel.gif\" alt=\"\" width=\"200\" height=\"72\" \/><\/a>Normalerweise bietet die Vogelringstation Schiermonnikoog jeden Sonntag- und Mittwochmorgen von August bis Oktober einen Ausflug an, der \u00fcber das Besucherzentrum im Dorf buchbar ist.<\/p><\/div><\/div><\/div><\/div><\/div><\/section><\/div>[\/vc_column][\/vc_row]<\/p>\n","protected":false},"excerpt":{"rendered":"<p>[vc_row tm_bgimagefixed=&#8220;&#8220;][vc_column tm_shadow=&#8220;yes&#8220; width=&#8220;1\/2&#8243;][\/vc_column][vc_column tm_shadow=&#8220;yes&#8220; width=&#8220;1\/2&#8243;][\/vc_column][\/vc_row][vc_row][vc_column tm_shadow=&#8220;yes&#8220; width=&#8220;1\/2&#8243;][\/vc_column][vc_column tm_shadow=&#8220;yes&#8220; width=&#8220;1\/2&#8243;][\/vc_column][\/vc_row]<\/p>\n","protected":false},"author":1,"featured_media":0,"parent":4611,"menu_order":0,"comment_status":"closed","ping_status":"closed","template":"","meta":{"footnotes":""},"class_list":["post-4635","page","type-page","status-publish","hentry"],"_links":{"self":[{"href":"https:\/\/fietsenverhuurschiermonnikoog.com\/de\/wp-json\/wp\/v2\/pages\/4635","targetHints":{"allow":["GET"]}}],"collection":[{"href":"https:\/\/fietsenverhuurschiermonnikoog.com\/de\/wp-json\/wp\/v2\/pages"}],"about":[{"href":"https:\/\/fietsenverhuurschiermonnikoog.com\/de\/wp-json\/wp\/v2\/types\/page"}],"author":[{"embeddable":true,"href":"https:\/\/fietsenverhuurschiermonnikoog.com\/de\/wp-json\/wp\/v2\/users\/1"}],"replies":[{"embeddable":true,"href":"https:\/\/fietsenverhuurschiermonnikoog.com\/de\/wp-json\/wp\/v2\/comments?post=4635"}],"version-history":[{"count":0,"href":"https:\/\/fietsenverhuurschiermonnikoog.com\/de\/wp-json\/wp\/v2\/pages\/4635\/revisions"}],"up":[{"embeddable":true,"href":"https:\/\/fietsenverhuurschiermonnikoog.com\/de\/wp-json\/wp\/v2\/pages\/4611"}],"wp:attachment":[{"href":"https:\/\/fietsenverhuurschiermonnikoog.com\/de\/wp-json\/wp\/v2\/media?parent=4635"}],"curies":[{"name":"wp","href":"https:\/\/api.w.org\/{rel}","templated":true}]}}